{"id":10565,"date":"2024-12-11T22:30:21","date_gmt":"2024-12-11T18:30:21","guid":{"rendered":"https:\/\/surrogacy.global\/eventos-de-gs-consulting\/were-heading-to-london-and-cant-wait-to-meet-you-there\/"},"modified":"2024-12-29T22:58:54","modified_gmt":"2024-12-29T18:58:54","slug":"were-heading-to-london-and-cant-wait-to-meet-you-there","status":"publish","type":"page","link":"https:\/\/surrogacy.global\/es\/eventos-de-gs-consulting\/were-heading-to-london-and-cant-wait-to-meet-you-there\/","title":{"rendered":"We\u2019re heading to London and can\u2019t wait to meet you there!"},"content":{"rendered":"\t\t<div data-elementor-type=\"wp-page\" data-elementor-id=\"10565\" class=\"elementor elementor-10565 elementor-10276\" data-elementor-post-type=\"page\">\n\t\t\t\t<div class=\"elementor-element elementor-element-2425fe1 e-flex e-con-boxed e-con e-parent\" data-id=\"2425fe1\" data-element_type=\"container\" data-e-type=\"container\">\n\t\t\t\t\t<div class=\"e-con-inner\">\n\t\t<div class=\"elementor-element elementor-element-712516d e-con-full e-flex e-con e-child\" data-id=\"712516d\" data-element_type=\"container\" data-e-type=\"container\">\n\t\t\t\t<div class=\"elementor-element elementor-element-ac4c29f elementor-widget elementor-widget-heading\" data-id=\"ac4c29f\" data-element_type=\"widget\" data-e-type=\"widget\" data-widget_type=\"heading.default\">\n\t\t\t\t<div class=\"elementor-widget-container\">\n\t\t\t\t\t<h2 class=\"elementor-heading-title elementor-size-default\">Nos dirigimos a Londres y estamos emocionados de encontrarnos contigo all\u00ed<\/h2>\t\t\t\t<\/div>\n\t\t\t\t<\/div>\n\t\t\t\t<div class=\"elementor-element elementor-element-246f63f elementor-widget elementor-widget-text-editor\" data-id=\"246f63f\" data-element_type=\"widget\" data-e-type=\"widget\" data-widget_type=\"text-editor.default\">\n\t\t\t\t<div class=\"elementor-widget-container\">\n\t\t\t\t\t\t\t\t\t<p><span style=\"color: #232323;\">\u00danase a nosotros para una oportunidad \u00fanica para adentrarse en el mundo de la maternidad subrogada internacional (Georgia, M\u00e9xico, Colombia, Argentina, EE. UU.) y las opciones de donantes. Conozca al equipo de GS Consulting, a expertos legales, conecte con futuros padres y tenga una consulta personal con el equipo que lo apoyar\u00e1 a lo largo de su viaje. Este evento tiene como objetivo servir como un sistema de apoyo para aquellos que est\u00e1n planeando o actualmente involucrados en el proceso de subrogaci\u00f3n.<\/span><\/p>\n<p><span style=\"color: #232323;\"><strong>\u00bfQu\u00e9 esperar?<\/strong><\/span><\/p>\n<ul>\n<li><span style=\"color: #232323;\">Este evento ofrece conocimientos profundos sobre la construcci\u00f3n de una familia internacional, brind\u00e1ndole la informaci\u00f3n y asistencia necesarias para su viaje de subrogaci\u00f3n.<\/span><\/li>\n<li><span style=\"color: #232323;\">Ofrece la oportunidad de interactuar con profesionales l\u00edderes en subrogaci\u00f3n.<\/span><\/li>\n<li><span style=\"color: #232323;\">Las sesiones abordar\u00e1n los aspectos legales, m\u00e9dicos y \u00e9ticos de la subrogaci\u00f3n internacional en Georgia, M\u00e9xico, Colombia, Argentina o EE. UU.<\/span><\/li>\n<li><span style=\"color: #232323;\">Facilita la creaci\u00f3n de una red de apoyo vital para compartir experiencias y consejos entre futuros padres y profesionales.<\/span><\/li>\n<li><span style=\"color: #232323;\">No importa si es soltero, est\u00e1 en una relaci\u00f3n del mismo sexo o es heterosexual, encontrar\u00e1 una comunidad que verdaderamente entiende y apoya su viaje.<\/span><\/li>\n<\/ul>\n\t\t\t\t\t\t\t\t<\/div>\n\t\t\t\t<\/div>\n\t\t\t\t<\/div>\n\t\t<div class=\"elementor-element elementor-element-4c2f7d8 e-con-full e-flex e-con e-child\" data-id=\"4c2f7d8\" data-element_type=\"container\" data-e-type=\"container\">\n\t\t\t\t<div class=\"elementor-element elementor-element-5949966 elementor-widget elementor-widget-image\" data-id=\"5949966\" data-element_type=\"widget\" data-e-type=\"widget\" data-widget_type=\"image.default\">\n\t\t\t\t<div class=\"elementor-widget-container\">\n\t\t\t\t\t\t\t\t\t\t\t\t\t\t\t<img fetchpriority=\"high\" decoding=\"async\" width=\"1024\" height=\"859\" src=\"https:\/\/surrogacy.global\/wp-content\/uploads\/2024\/12\/9-1-1-1024x859.jpg\" class=\"attachment-large size-large wp-image-10702\" alt=\"\" srcset=\"https:\/\/surrogacy.global\/wp-content\/uploads\/2024\/12\/9-1-1-1024x859.jpg.webp 1024w, https:\/\/surrogacy.global\/wp-content\/uploads\/2024\/12\/9-1-1-300x252.jpg 300w, https:\/\/surrogacy.global\/wp-content\/uploads\/2024\/12\/9-1-1-768x644.jpg.webp 768w, https:\/\/surrogacy.global\/wp-content\/uploads\/2024\/12\/9-1-1-1536x1288.jpg.webp 1536w, https:\/\/surrogacy.global\/wp-content\/uploads\/2024\/12\/9-1-1-900x755.jpg.webp 900w, https:\/\/surrogacy.global\/wp-content\/uploads\/2024\/12\/9-1-1.jpg.webp 1920w\" sizes=\"(max-width: 1024px) 100vw, 1024px\" \/>\t\t\t\t\t\t\t\t\t\t\t\t\t\t\t<\/div>\n\t\t\t\t<\/div>\n\t\t\t\t<div class=\"elementor-element elementor-element-caf9aa7 elementor-icon-list--layout-traditional elementor-list-item-link-full_width elementor-widget elementor-widget-icon-list\" data-id=\"caf9aa7\" data-element_type=\"widget\" data-e-type=\"widget\" data-widget_type=\"icon-list.default\">\n\t\t\t\t<div class=\"elementor-widget-container\">\n\t\t\t\t\t\t\t<ul class=\"elementor-icon-list-items\">\n\t\t\t\t\t\t\t<li class=\"elementor-icon-list-item\">\n\t\t\t\t\t\t\t\t\t\t\t<span class=\"elementor-icon-list-icon\">\n\t\t\t\t\t\t\t<i aria-hidden=\"true\" class=\"far fa-calendar-check\"><\/i>\t\t\t\t\t\t<\/span>\n\t\t\t\t\t\t\t\t\t\t<span class=\"elementor-icon-list-text\">Fecha: <strong>15 de febrero, 2025<\/strong><\/span>\n\t\t\t\t\t\t\t\t\t<\/li>\n\t\t\t\t\t\t\t\t<li class=\"elementor-icon-list-item\">\n\t\t\t\t\t\t\t\t\t\t\t<span class=\"elementor-icon-list-icon\">\n\t\t\t\t\t\t\t<i aria-hidden=\"true\" class=\"far fa-clock\"><\/i>\t\t\t\t\t\t<\/span>\n\t\t\t\t\t\t\t\t\t\t<span class=\"elementor-icon-list-text\">Tiempo: <strong>17:00-19:00<\/strong><\/span>\n\t\t\t\t\t\t\t\t\t<\/li>\n\t\t\t\t\t\t\t\t<li class=\"elementor-icon-list-item\">\n\t\t\t\t\t\t\t\t\t\t\t<a href=\"https:\/\/maps.app.goo.gl\/VPBsTbBbrdaY6FMbA\" target=\"_blank\">\n\n\t\t\t\t\t\t\t\t\t\t\t\t<span class=\"elementor-icon-list-icon\">\n\t\t\t\t\t\t\t<i aria-hidden=\"true\" class=\"far fa-building\"><\/i>\t\t\t\t\t\t<\/span>\n\t\t\t\t\t\t\t\t\t\t<span class=\"elementor-icon-list-text\">Lugar: <strong>37 Harley Street, London<\/strong><\/span>\n\t\t\t\t\t\t\t\t\t\t\t<\/a>\n\t\t\t\t\t\t\t\t\t<\/li>\n\t\t\t\t\t\t<\/ul>\n\t\t\t\t\t\t<\/div>\n\t\t\t\t<\/div>\n\t\t\t\t<div class=\"elementor-element elementor-element-202c4b9 elementor-mobile-align-left elementor-widget elementor-widget-button\" data-id=\"202c4b9\" data-element_type=\"widget\" data-e-type=\"widget\" data-widget_type=\"button.default\">\n\t\t\t\t<div class=\"elementor-widget-container\">\n\t\t\t\t\t\t\t\t\t<div class=\"elementor-button-wrapper icon_align_  \">\n\t\t\t\t\t<a class=\"elementor-button elementor-button-link elementor-size-sm\" href=\"#\" id=\"popapi\">\n\t\t\t\t\t\t<span class=\"elementor-button-content-wrapper\">\n\t\t\t\t\t\t\t\t\t<span class=\"elementor-button-text\">Reg\u00edstrese ahora<\/span>\n\t\t\t\t\t<\/span>\n\t\t\t\t\t<\/a>\n\t\t\t\t<\/div>\n\t\t\t\t\t\t\t\t<\/div>\n\t\t\t\t<\/div>\n\t\t\t\t<\/div>\n\t\t\t\t\t<\/div>\n\t\t\t\t<\/div>\n\t\t\t\t<\/div>\n\t\t","protected":false},"excerpt":{"rendered":"<p>Nos dirigimos a Londres y estamos emocionados de encontrarnos contigo all\u00ed \u00danase a nosotros para una oportunidad \u00fanica para adentrarse en el mundo de la maternidad subrogada internacional (Georgia, M\u00e9xico, Colombia, Argentina, EE. UU.) y las opciones de donantes. Conozca al equipo de GS Consulting, a expertos legales, conecte con futuros padres y tenga una<\/p>\n","protected":false},"author":2,"featured_media":0,"parent":10539,"menu_order":0,"comment_status":"closed","ping_status":"closed","template":"","meta":{"footnotes":""},"class_list":["post-10565","page","type-page","status-publish","hentry"],"yoast_head":"<!-- This site is optimized with the Yoast SEO plugin v27.4 - https:\/\/yoast.com\/product\/yoast-seo-wordpress\/ -->\n<title>We\u2019re heading to London and can\u2019t wait to meet you there! - GS Consulting<\/title>\n<meta name=\"robots\" content=\"index, follow, max-snippet:-1, max-image-preview:large, max-video-preview:-1\" \/>\n<link rel=\"canonical\" href=\"https:\/\/surrogacy.global\/gs-consulting-events\/were-heading-to-london-and-cant-wait-to-meet-you-there\/\" \/>\n<meta property=\"og:locale\" content=\"es_ES\" \/>\n<meta property=\"og:type\" content=\"article\" \/>\n<meta property=\"og:title\" content=\"We\u2019re heading to London and can\u2019t wait to meet you there! - GS Consulting\" \/>\n<meta property=\"og:description\" content=\"Nos dirigimos a Londres y estamos emocionados de encontrarnos contigo all\u00ed \u00danase a nosotros para una oportunidad \u00fanica para adentrarse en el mundo de la maternidad subrogada internacional (Georgia, M\u00e9xico, Colombia, Argentina, EE. UU.) y las opciones de donantes. Conozca al equipo de GS Consulting, a expertos legales, conecte con futuros padres y tenga una\" \/>\n<meta property=\"og:url\" content=\"https:\/\/surrogacy.global\/gs-consulting-events\/were-heading-to-london-and-cant-wait-to-meet-you-there\/\" \/>\n<meta property=\"og:site_name\" content=\"GS Consulting\" \/>\n<meta property=\"article:publisher\" content=\"https:\/\/www.facebook.com\/GSconsultingsurrogacy\" \/>\n<meta property=\"article:modified_time\" content=\"2024-12-29T18:58:54+00:00\" \/>\n<meta property=\"og:image\" content=\"https:\/\/surrogacy.global\/wp-content\/uploads\/2024\/12\/9-1-1.jpg\" \/>\n\t<meta property=\"og:image:width\" content=\"1920\" \/>\n\t<meta property=\"og:image:height\" content=\"1610\" \/>\n\t<meta property=\"og:image:type\" content=\"image\/jpeg\" \/>\n<meta name=\"twitter:card\" content=\"summary_large_image\" \/>\n<meta name=\"twitter:label1\" content=\"Tiempo de lectura\" \/>\n\t<meta name=\"twitter:data1\" content=\"2 minutos\" \/>\n<script type=\"application\/ld+json\" class=\"yoast-schema-graph\">{\"@context\":\"https:\\\/\\\/schema.org\",\"@graph\":[{\"@type\":\"WebPage\",\"@id\":\"https:\\\/\\\/surrogacy.global\\\/gs-consulting-events\\\/were-heading-to-london-and-cant-wait-to-meet-you-there\\\/\",\"url\":\"https:\\\/\\\/surrogacy.global\\\/gs-consulting-events\\\/were-heading-to-london-and-cant-wait-to-meet-you-there\\\/\",\"name\":\"We\u2019re heading to London and can\u2019t wait to meet you there! - GS Consulting\",\"isPartOf\":{\"@id\":\"https:\\\/\\\/surrogacy.global\\\/#website\"},\"primaryImageOfPage\":{\"@id\":\"https:\\\/\\\/surrogacy.global\\\/gs-consulting-events\\\/were-heading-to-london-and-cant-wait-to-meet-you-there\\\/#primaryimage\"},\"image\":{\"@id\":\"https:\\\/\\\/surrogacy.global\\\/gs-consulting-events\\\/were-heading-to-london-and-cant-wait-to-meet-you-there\\\/#primaryimage\"},\"thumbnailUrl\":\"https:\\\/\\\/surrogacy.global\\\/wp-content\\\/uploads\\\/2024\\\/12\\\/9-1-1-1024x859.jpg\",\"datePublished\":\"2024-12-11T18:30:21+00:00\",\"dateModified\":\"2024-12-29T18:58:54+00:00\",\"breadcrumb\":{\"@id\":\"https:\\\/\\\/surrogacy.global\\\/gs-consulting-events\\\/were-heading-to-london-and-cant-wait-to-meet-you-there\\\/#breadcrumb\"},\"inLanguage\":\"es\",\"potentialAction\":[{\"@type\":\"ReadAction\",\"target\":[\"https:\\\/\\\/surrogacy.global\\\/gs-consulting-events\\\/were-heading-to-london-and-cant-wait-to-meet-you-there\\\/\"]}]},{\"@type\":\"ImageObject\",\"inLanguage\":\"es\",\"@id\":\"https:\\\/\\\/surrogacy.global\\\/gs-consulting-events\\\/were-heading-to-london-and-cant-wait-to-meet-you-there\\\/#primaryimage\",\"url\":\"https:\\\/\\\/surrogacy.global\\\/wp-content\\\/uploads\\\/2024\\\/12\\\/9-1-1-1024x859.jpg\",\"contentUrl\":\"https:\\\/\\\/surrogacy.global\\\/wp-content\\\/uploads\\\/2024\\\/12\\\/9-1-1-1024x859.jpg\"},{\"@type\":\"BreadcrumbList\",\"@id\":\"https:\\\/\\\/surrogacy.global\\\/gs-consulting-events\\\/were-heading-to-london-and-cant-wait-to-meet-you-there\\\/#breadcrumb\",\"itemListElement\":[{\"@type\":\"ListItem\",\"position\":1,\"name\":\"Home\",\"item\":\"https:\\\/\\\/surrogacy.global\\\/\"},{\"@type\":\"ListItem\",\"position\":2,\"name\":\"Eventos de GS Consulting\",\"item\":\"https:\\\/\\\/surrogacy.global\\\/gs-consulting-events\\\/\"},{\"@type\":\"ListItem\",\"position\":3,\"name\":\"We\u2019re heading to London and can\u2019t wait to meet you there!\"}]},{\"@type\":\"WebSite\",\"@id\":\"https:\\\/\\\/surrogacy.global\\\/#website\",\"url\":\"https:\\\/\\\/surrogacy.global\\\/\",\"name\":\"GS Consulting\",\"description\":\"\",\"publisher\":{\"@id\":\"https:\\\/\\\/surrogacy.global\\\/#organization\"},\"potentialAction\":[{\"@type\":\"SearchAction\",\"target\":{\"@type\":\"EntryPoint\",\"urlTemplate\":\"https:\\\/\\\/surrogacy.global\\\/?s={search_term_string}\"},\"query-input\":{\"@type\":\"PropertyValueSpecification\",\"valueRequired\":true,\"valueName\":\"search_term_string\"}}],\"inLanguage\":\"es\"},{\"@type\":\"Organization\",\"@id\":\"https:\\\/\\\/surrogacy.global\\\/#organization\",\"name\":\"GS Consulting\",\"url\":\"https:\\\/\\\/surrogacy.global\\\/\",\"logo\":{\"@type\":\"ImageObject\",\"inLanguage\":\"es\",\"@id\":\"https:\\\/\\\/surrogacy.global\\\/#\\\/schema\\\/logo\\\/image\\\/\",\"url\":\"https:\\\/\\\/surrogacy.global\\\/wp-content\\\/uploads\\\/2024\\\/02\\\/GS-Consulting.png\",\"contentUrl\":\"https:\\\/\\\/surrogacy.global\\\/wp-content\\\/uploads\\\/2024\\\/02\\\/GS-Consulting.png\",\"width\":1000,\"height\":800,\"caption\":\"GS Consulting\"},\"image\":{\"@id\":\"https:\\\/\\\/surrogacy.global\\\/#\\\/schema\\\/logo\\\/image\\\/\"},\"sameAs\":[\"https:\\\/\\\/www.facebook.com\\\/GSconsultingsurrogacy\"]}]}<\/script>\n<!-- \/ Yoast SEO plugin. -->","yoast_head_json":{"title":"We\u2019re heading to London and can\u2019t wait to meet you there! - GS Consulting","robots":{"index":"index","follow":"follow","max-snippet":"max-snippet:-1","max-image-preview":"max-image-preview:large","max-video-preview":"max-video-preview:-1"},"canonical":"https:\/\/surrogacy.global\/gs-consulting-events\/were-heading-to-london-and-cant-wait-to-meet-you-there\/","og_locale":"es_ES","og_type":"article","og_title":"We\u2019re heading to London and can\u2019t wait to meet you there! - GS Consulting","og_description":"Nos dirigimos a Londres y estamos emocionados de encontrarnos contigo all\u00ed \u00danase a nosotros para una oportunidad \u00fanica para adentrarse en el mundo de la maternidad subrogada internacional (Georgia, M\u00e9xico, Colombia, Argentina, EE. UU.) y las opciones de donantes. Conozca al equipo de GS Consulting, a expertos legales, conecte con futuros padres y tenga una","og_url":"https:\/\/surrogacy.global\/gs-consulting-events\/were-heading-to-london-and-cant-wait-to-meet-you-there\/","og_site_name":"GS Consulting","article_publisher":"https:\/\/www.facebook.com\/GSconsultingsurrogacy","article_modified_time":"2024-12-29T18:58:54+00:00","og_image":[{"width":1920,"height":1610,"url":"https:\/\/surrogacy.global\/wp-content\/uploads\/2024\/12\/9-1-1.jpg","type":"image\/jpeg"}],"twitter_card":"summary_large_image","twitter_misc":{"Tiempo de lectura":"2 minutos"},"schema":{"@context":"https:\/\/schema.org","@graph":[{"@type":"WebPage","@id":"https:\/\/surrogacy.global\/gs-consulting-events\/were-heading-to-london-and-cant-wait-to-meet-you-there\/","url":"https:\/\/surrogacy.global\/gs-consulting-events\/were-heading-to-london-and-cant-wait-to-meet-you-there\/","name":"We\u2019re heading to London and can\u2019t wait to meet you there! - GS Consulting","isPartOf":{"@id":"https:\/\/surrogacy.global\/#website"},"primaryImageOfPage":{"@id":"https:\/\/surrogacy.global\/gs-consulting-events\/were-heading-to-london-and-cant-wait-to-meet-you-there\/#primaryimage"},"image":{"@id":"https:\/\/surrogacy.global\/gs-consulting-events\/were-heading-to-london-and-cant-wait-to-meet-you-there\/#primaryimage"},"thumbnailUrl":"https:\/\/surrogacy.global\/wp-content\/uploads\/2024\/12\/9-1-1-1024x859.jpg","datePublished":"2024-12-11T18:30:21+00:00","dateModified":"2024-12-29T18:58:54+00:00","breadcrumb":{"@id":"https:\/\/surrogacy.global\/gs-consulting-events\/were-heading-to-london-and-cant-wait-to-meet-you-there\/#breadcrumb"},"inLanguage":"es","potentialAction":[{"@type":"ReadAction","target":["https:\/\/surrogacy.global\/gs-consulting-events\/were-heading-to-london-and-cant-wait-to-meet-you-there\/"]}]},{"@type":"ImageObject","inLanguage":"es","@id":"https:\/\/surrogacy.global\/gs-consulting-events\/were-heading-to-london-and-cant-wait-to-meet-you-there\/#primaryimage","url":"https:\/\/surrogacy.global\/wp-content\/uploads\/2024\/12\/9-1-1-1024x859.jpg","contentUrl":"https:\/\/surrogacy.global\/wp-content\/uploads\/2024\/12\/9-1-1-1024x859.jpg"},{"@type":"BreadcrumbList","@id":"https:\/\/surrogacy.global\/gs-consulting-events\/were-heading-to-london-and-cant-wait-to-meet-you-there\/#breadcrumb","itemListElement":[{"@type":"ListItem","position":1,"name":"Home","item":"https:\/\/surrogacy.global\/"},{"@type":"ListItem","position":2,"name":"Eventos de GS Consulting","item":"https:\/\/surrogacy.global\/gs-consulting-events\/"},{"@type":"ListItem","position":3,"name":"We\u2019re heading to London and can\u2019t wait to meet you there!"}]},{"@type":"WebSite","@id":"https:\/\/surrogacy.global\/#website","url":"https:\/\/surrogacy.global\/","name":"GS Consulting","description":"","publisher":{"@id":"https:\/\/surrogacy.global\/#organization"},"potentialAction":[{"@type":"SearchAction","target":{"@type":"EntryPoint","urlTemplate":"https:\/\/surrogacy.global\/?s={search_term_string}"},"query-input":{"@type":"PropertyValueSpecification","valueRequired":true,"valueName":"search_term_string"}}],"inLanguage":"es"},{"@type":"Organization","@id":"https:\/\/surrogacy.global\/#organization","name":"GS Consulting","url":"https:\/\/surrogacy.global\/","logo":{"@type":"ImageObject","inLanguage":"es","@id":"https:\/\/surrogacy.global\/#\/schema\/logo\/image\/","url":"https:\/\/surrogacy.global\/wp-content\/uploads\/2024\/02\/GS-Consulting.png","contentUrl":"https:\/\/surrogacy.global\/wp-content\/uploads\/2024\/02\/GS-Consulting.png","width":1000,"height":800,"caption":"GS Consulting"},"image":{"@id":"https:\/\/surrogacy.global\/#\/schema\/logo\/image\/"},"sameAs":["https:\/\/www.facebook.com\/GSconsultingsurrogacy"]}]}},"_links":{"self":[{"href":"https:\/\/surrogacy.global\/es\/wp-json\/wp\/v2\/pages\/10565","targetHints":{"allow":["GET"]}}],"collection":[{"href":"https:\/\/surrogacy.global\/es\/wp-json\/wp\/v2\/pages"}],"about":[{"href":"https:\/\/surrogacy.global\/es\/wp-json\/wp\/v2\/types\/page"}],"author":[{"embeddable":true,"href":"https:\/\/surrogacy.global\/es\/wp-json\/wp\/v2\/users\/2"}],"replies":[{"embeddable":true,"href":"https:\/\/surrogacy.global\/es\/wp-json\/wp\/v2\/comments?post=10565"}],"version-history":[{"count":0,"href":"https:\/\/surrogacy.global\/es\/wp-json\/wp\/v2\/pages\/10565\/revisions"}],"up":[{"embeddable":true,"href":"https:\/\/surrogacy.global\/es\/wp-json\/wp\/v2\/pages\/10539"}],"wp:attachment":[{"href":"https:\/\/surrogacy.global\/es\/wp-json\/wp\/v2\/media?parent=10565"}],"curies":[{"name":"wp","href":"https:\/\/api.w.org\/{rel}","templated":true}]}}