{"id":11663,"date":"2025-02-07T20:38:31","date_gmt":"2025-02-07T16:38:31","guid":{"rendered":"https:\/\/surrogacy.global\/surrogacy-in-argentina\/"},"modified":"2025-02-22T18:59:53","modified_gmt":"2025-02-22T14:59:53","slug":"surrogacy-in-argentina","status":"publish","type":"page","link":"https:\/\/surrogacy.global\/es\/surrogacy-in-argentina\/","title":{"rendered":"Subrogcion en Argentina"},"content":{"rendered":"\t\t<div data-elementor-type=\"wp-page\" data-elementor-id=\"11663\" class=\"elementor elementor-11663 elementor-11508\" data-elementor-post-type=\"page\">\n\t\t\t\t<div class=\"elementor-element elementor-element-94d839d e-flex e-con-boxed e-con e-parent\" data-id=\"94d839d\" data-element_type=\"container\" data-e-type=\"container\">\n\t\t\t\t\t<div class=\"e-con-inner\">\n\t\t<div class=\"elementor-element elementor-element-147fd48 e-con-full e-flex e-con e-child\" data-id=\"147fd48\" data-element_type=\"container\" data-e-type=\"container\">\n\t\t\t\t<div class=\"elementor-element elementor-element-d548649 elementor-widget elementor-widget-text-editor\" data-id=\"d548649\" data-element_type=\"widget\" data-e-type=\"widget\" data-widget_type=\"text-editor.default\">\n\t\t\t\t<div class=\"elementor-widget-container\">\n\t\t\t\t\t\t\t\t\t<p><span style=\"color: #232323;\">Gestaci\u00f3n subrogada en Argentina: Inf\u00f3rmese sobre el proceso, las leyes, las normativas y los costes para los futuros padres que buscan la gestaci\u00f3n subrogada en Argentina.<\/span><\/p>\n\t\t\t\t\t\t\t\t<\/div>\n\t\t\t\t<\/div>\n\t\t\t\t<\/div>\n\t\t<div class=\"elementor-element elementor-element-f0159ae e-con-full e-flex e-con e-child\" data-id=\"f0159ae\" data-element_type=\"container\" data-e-type=\"container\">\n\t\t\t\t<div class=\"elementor-element elementor-element-bd75df2 elementor-widget elementor-widget-image\" data-id=\"bd75df2\" data-element_type=\"widget\" data-e-type=\"widget\" data-widget_type=\"image.default\">\n\t\t\t\t<div class=\"elementor-widget-container\">\n\t\t\t\t\t\t\t\t\t\t\t\t\t\t\t\t<a href=\"https:\/\/surrogacy.global\/wp-content\/uploads\/2025\/02\/panoramic-view-of-23-de-maio-avenue-view-from-view-2023-11-27-05-02-39-utc-min.jpg\" data-elementor-open-lightbox=\"yes\" data-elementor-lightbox-title=\"panoramic-view-of-23-de-maio-avenue-view-from-view-2023-11-27-05-02-39-utc-min\" data-elementor-lightbox-description=\"Surrogacy in Argentina\" data-e-action-hash=\"#elementor-action%3Aaction%3Dlightbox%26settings%3DeyJpZCI6MTE1MjAsInVybCI6Imh0dHBzOlwvXC9zdXJyb2dhY3kuZ2xvYmFsXC93cC1jb250ZW50XC91cGxvYWRzXC8yMDI1XC8wMlwvcGFub3JhbWljLXZpZXctb2YtMjMtZGUtbWFpby1hdmVudWUtdmlldy1mcm9tLXZpZXctMjAyMy0xMS0yNy0wNS0wMi0zOS11dGMtbWluLmpwZyJ9\">\n\t\t\t\t\t\t\t<img fetchpriority=\"high\" decoding=\"async\" width=\"1920\" height=\"859\" src=\"https:\/\/surrogacy.global\/wp-content\/uploads\/2025\/02\/panoramic-view-of-23-de-maio-avenue-view-from-view-2023-11-27-05-02-39-utc-min.jpg\" class=\"attachment-full size-full wp-image-11520\" alt=\"Surrogacy in Argentina\" srcset=\"https:\/\/surrogacy.global\/wp-content\/uploads\/2025\/02\/panoramic-view-of-23-de-maio-avenue-view-from-view-2023-11-27-05-02-39-utc-min.jpg.webp 1920w, https:\/\/surrogacy.global\/wp-content\/uploads\/2025\/02\/panoramic-view-of-23-de-maio-avenue-view-from-view-2023-11-27-05-02-39-utc-min-300x134.jpg 300w, https:\/\/surrogacy.global\/wp-content\/uploads\/2025\/02\/panoramic-view-of-23-de-maio-avenue-view-from-view-2023-11-27-05-02-39-utc-min-1024x458.jpg.webp 1024w, https:\/\/surrogacy.global\/wp-content\/uploads\/2025\/02\/panoramic-view-of-23-de-maio-avenue-view-from-view-2023-11-27-05-02-39-utc-min-768x344.jpg 768w, https:\/\/surrogacy.global\/wp-content\/uploads\/2025\/02\/panoramic-view-of-23-de-maio-avenue-view-from-view-2023-11-27-05-02-39-utc-min-1536x687.jpg.webp 1536w, https:\/\/surrogacy.global\/wp-content\/uploads\/2025\/02\/panoramic-view-of-23-de-maio-avenue-view-from-view-2023-11-27-05-02-39-utc-min-900x403.jpg 900w\" sizes=\"(max-width: 1920px) 100vw, 1920px\" \/>\t\t\t\t\t\t\t\t<\/a>\n\t\t\t\t\t\t\t\t\t\t\t\t\t\t\t<\/div>\n\t\t\t\t<\/div>\n\t\t\t\t<\/div>\n\t\t\t\t\t<\/div>\n\t\t\t\t<\/div>\n\t\t<div class=\"elementor-element elementor-element-d6db912 e-flex e-con-boxed e-con e-parent\" data-id=\"d6db912\" data-element_type=\"container\" data-e-type=\"container\">\n\t\t\t\t\t<div class=\"e-con-inner\">\n\t\t<div class=\"elementor-element elementor-element-e642703 e-flex e-con-boxed e-con e-child\" data-id=\"e642703\" data-element_type=\"container\" data-e-type=\"container\" data-settings=\"{&quot;background_background&quot;:&quot;classic&quot;}\">\n\t\t\t\t\t<div class=\"e-con-inner\">\n\t\t<div class=\"elementor-element elementor-element-60498ea e-con-full e-flex e-con e-child\" data-id=\"60498ea\" data-element_type=\"container\" data-e-type=\"container\">\n\t\t\t\t<div class=\"elementor-element elementor-element-d3f8a8a elementor-widget elementor-widget-text-editor\" data-id=\"d3f8a8a\" data-element_type=\"widget\" data-e-type=\"widget\" data-widget_type=\"text-editor.default\">\n\t\t\t\t<div class=\"elementor-widget-container\">\n\t\t\t\t\t\t\t\t\t<p><strong><span style=\"color: #232323;\">Programas disponibles<\/span><\/strong><\/p>\n<ul>\n<li><span style=\"color: #232323;\">Donaci\u00f3n de \u00f3vulos con gestaci\u00f3n subrogada<\/span><\/li>\n<li><span style=\"color: #232323;\">Gestaci\u00f3n subrogada con \u00f3vulos propios<\/span><\/li>\n<li><span style=\"color: #232323;\">Gestaci\u00f3n subrogada con doble donaci\u00f3n<\/span><\/li>\n<li><span style=\"color: #232323;\">Gestaci\u00f3n subrogada con embriones congelados enviados<\/span><\/li>\n<li><span style=\"color: #232323;\">Gestaci\u00f3n subrogada de doble recorrido (programa con 2 gestantes)<\/span><\/li>\n<li><span style=\"color: #232323;\">Posible para pacientes con VIH, pero tiene un cargo adicional<\/span><\/li>\n<\/ul>\n<p><strong><span style=\"color: #232323;\">Marco legal<\/span><\/strong><\/p>\n<ul>\n<li><span style=\"color: #232323;\">La gestaci\u00f3n subrogada no est\u00e1 expresamente regulada por la ley. Sin embargo, existen v\u00edas pr\u00e1cticas, particularmente en la Ciudad Aut\u00f3noma de Buenos Aires, donde se han establecido procedimientos administrativos relacionados con la subrogaci\u00f3n.<\/span><\/li>\n<li><span style=\"color: #232323;\">Una decisi\u00f3n de la Corte Suprema en octubre de 2024 (CIV 86767\/2015\/1\/RH1 y otro) aclar\u00f3 que la subrogaci\u00f3n no est\u00e1 expl\u00edcitamente prohibida en el C\u00f3digo Civil y Comercial ni la Ley de Salud Reproductiva 26.862 entre otras legislaciones. Destac\u00f3 que la filiaci\u00f3n debe seguir los principios de nacimiento y bienestar infantil establecidos en el Art\u00edculo 562 del C\u00f3digo Civil y Comercial. La Corte determin\u00f3 que el certificado de nacimiento debe incluir a la madre subrogante como madre biol\u00f3gica y a uno de los padres intencionales. Aunque ambos padres intencionales no pueden ser registrados como padres legales al nacer, la decisi\u00f3n subray\u00f3 la importancia del inter\u00e9s superior del ni\u00f1o, la realidad socioafectiva y la autonom\u00eda de la madre subrogante para decidir si desea asumir un rol parental.<\/span><\/li>\n<li><span style=\"color: #232323;\">La gestaci\u00f3n subrogada gestacional, en la que no hay v\u00ednculo gen\u00e9tico con la madre subrogante, es reconocida en Argentina.<\/span><\/li>\n<li><span style=\"color: #232323;\">La subrogaci\u00f3n debe ser altruista, lo que significa que la madre subrogante no puede recibir pagos m\u00e1s all\u00e1 de los gastos razonables.<\/span><\/li>\n<li><span style=\"color: #232323;\">Tanto la madre subrogante como los padres intencionales deben proporcionar consentimiento informado antes de comenzar el tratamiento. Estos consentimientos deben firmarse ante un escribano, y los padres intencionales tienen la opci\u00f3n de completar este proceso de forma digital, sin necesidad de viajar a Argentina.<\/span><\/li>\n<li><span style=\"color: #232323;\">Los ni\u00f1os nacidos por subrogaci\u00f3n en Argentina reciben autom\u00e1ticamente la ciudadan\u00eda argentina.<\/span><\/li>\n<li><span style=\"color: #232323;\">Se les emite un DNI argentino y un pasaporte, lo que les permite viajar internacionalmente sin riesgos de falta de ciudadan\u00eda.<\/span><\/li>\n<\/ul>\n<p><strong><span style=\"color: #232323;\">Elegibilidad<\/span><\/strong><\/p>\n<ul>\n<li><span style=\"color: #232323;\">Personas solteras, parejas del mismo sexo (parejas homosexuales) y parejas heterosexuales casadas o no casadas.<\/span><\/li>\n<li><span style=\"color: #232323;\">No se requiere una indicaci\u00f3n m\u00e9dica.<\/span><\/li>\n<li><span style=\"color: #232323;\">No se solicita certificado de matrimonio.<\/span><\/li>\n<\/ul>\n\t\t\t\t\t\t\t\t<\/div>\n\t\t\t\t<\/div>\n\t\t\t\t<\/div>\n\t\t<div class=\"elementor-element elementor-element-7c6bf19 e-con-full e-flex e-con e-child\" data-id=\"7c6bf19\" data-element_type=\"container\" data-e-type=\"container\">\n\t\t\t\t<div class=\"elementor-element elementor-element-30ff133 elementor-widget elementor-widget-text-editor\" data-id=\"30ff133\" data-element_type=\"widget\" data-e-type=\"widget\" data-widget_type=\"text-editor.default\">\n\t\t\t\t<div class=\"elementor-widget-container\">\n\t\t\t\t\t\t\t\t\t<p><strong><span style=\"color: #232323;\">Certificado de nacimiento<\/span><\/strong><\/p>\n<ul>\n<li><span style=\"color: #232323;\">Despu\u00e9s de que el beb\u00e9 sea dado de alta del hospital, el proceso de registro en el registro civil se completa con la colaboraci\u00f3n de la madre subrogante. Los padres intencionales deben asistir a este registro para finalizar el tr\u00e1mite.<\/span><\/li>\n<li><span style=\"color: #232323;\">Una vez que el beb\u00e9 est\u00e9 registrado, se pueden iniciar procedimientos judiciales para eliminar el nombre de la madre subrogante del certificado de nacimiento si los padres intencionales as\u00ed lo desean.<\/span><\/li>\n<li><span style=\"color: #232323;\">Obtener el certificado de nacimiento actualmente toma entre 5 y 10 d\u00edas.<\/span><\/li>\n<\/ul>\n<p><strong><span style=\"color: #232323;\">Tiempos del procedimiento para la salida del pais<\/span><\/strong><\/p>\n<ul>\n<li><span style=\"color: #232323;\">El procedimiento de salida depende de cada embajada y del pa\u00eds de residencia de los padres. Generalmente, toma aproximadamente hasta 6 semanas desde el nacimiento hasta obtener el pasaporte del beb\u00e9.<\/span><\/li>\n<li><span style=\"color: #232323;\">Casi todas las embajadas est\u00e1n disponibles en Buenos Aires, y la mayor\u00eda son muy accesibles y colaboradoras en temas relacionados con el crecimiento familiar.<\/span><\/li>\n<li><span style=\"color: #232323;\">Seg\u00fan las regulaciones argentinas, al beb\u00e9 se le otorga pasaporte y ciudadan\u00eda argentina.<\/span><\/li>\n<\/ul>\n<p><strong><span style=\"color: #232323;\">Donaci\u00f3n de \u00f3vulos (An\u00f3nima\/No An\u00f3nima)<\/span><\/strong><\/p>\n<ul>\n<li><span style=\"color: #232323;\">An\u00f3nima<\/span><\/li>\n<li><span style=\"color: #232323;\">No An\u00f3nima<\/span><\/li>\n<li><span style=\"color: #232323;\">Es posible establecer contacto con las donantes de \u00f3vulos cuando el ni\u00f1o cumple 18 a\u00f1os. Sin embargo, para que esto ocurra, la donante debe haber dado su consentimiento previo indicando que est\u00e1 de acuerdo con ser contactada.<\/span><\/li>\n<\/ul>\n<p><strong><span style=\"color: #232323;\">Periodo de selecci\u00f3n de madre subrogante<\/span><\/strong><\/p>\n<ul>\n<li><span style=\"color: #232323;\">Hasta 3-4 meses.<\/span><\/li>\n<\/ul>\n<p><strong><span style=\"color: #232323;\">Seguro<\/span><\/strong><\/p>\n<ul>\n<li><span style=\"color: #232323;\">Seguro de salud y vida disponible para la madre subrogante y el reci\u00e9n nacido, con servicios cubiertos e ilimitados hasta el alta del hospital.<\/span><\/li>\n<\/ul>\n<p><strong><span style=\"color: #232323;\">Consejos \u00fatiles (Preguntas para hacer antes de comenzar)<\/span><\/strong><\/p>\n<ul>\n<li><span style=\"color: #232323;\">\u00bfCu\u00e1les son las tasas de \u00e9xito?<\/span><\/li>\n<li><span style=\"color: #232323;\">\u00bfQu\u00e9 tan bien regulada est\u00e1 la ley?<\/span><\/li>\n<li><span style=\"color: #232323;\">\u00bfEst\u00e1 disponible el seguro para las madres subrogantes y los reci\u00e9n nacidos?<\/span><\/li>\n<li><span style=\"color: #232323;\">\u00bfEl equipo m\u00e9dico es multiling\u00fce?<\/span><\/li>\n<li><span style=\"color: #232323;\">\u00bfEs segura la ciudad de destino?<\/span><\/li>\n<li><span style=\"color: #232323;\">\u00bfEs accesible econ\u00f3micamente?<\/span><\/li>\n<li><span style=\"color: #232323;\">\u00bfC\u00f3mo es la devoluci\u00f3n de los Padres de intenci\u00f3n?<\/span><\/li>\n<li><span style=\"color: #232323;\">\u00bfQu\u00e9 embajadas est\u00e1n presentes en Buenos Aires?<\/span><\/li>\n<\/ul>\n\t\t\t\t\t\t\t\t<\/div>\n\t\t\t\t<\/div>\n\t\t\t\t<\/div>\n\t\t\t\t\t<\/div>\n\t\t\t\t<\/div>\n\t\t\t\t\t<\/div>\n\t\t\t\t<\/div>\n\t\t\t\t<\/div>\n\t\t","protected":false},"excerpt":{"rendered":"<p>Subrogcion en Argentina Gestaci\u00f3n subrogada en Argentina: Inf\u00f3rmese sobre el proceso, las leyes, las normativas y los costes para los futuros padres que buscan la gestaci\u00f3n subrogada en Argentina. Programas disponibles Donaci\u00f3n de \u00f3vulos con gestaci\u00f3n subrogada Gestaci\u00f3n subrogada con \u00f3vulos propios Gestaci\u00f3n subrogada con doble donaci\u00f3n Gestaci\u00f3n subrogada con embriones congelados enviados Gestaci\u00f3n subrogada<\/p>\n","protected":false},"author":2,"featured_media":0,"parent":0,"menu_order":0,"comment_status":"closed","ping_status":"closed","template":"","meta":{"footnotes":""},"class_list":["post-11663","page","type-page","status-publish","hentry"],"yoast_head":"<!-- This site is optimized with the Yoast SEO plugin v27.3 - https:\/\/yoast.com\/product\/yoast-seo-wordpress\/ -->\n<title>Subrogcion en Argentina - GS Consulting<\/title>\n<meta name=\"robots\" content=\"index, follow, max-snippet:-1, max-image-preview:large, max-video-preview:-1\" \/>\n<link rel=\"canonical\" href=\"https:\/\/surrogacy.global\/surrogacy-in-argentina\/\" \/>\n<meta property=\"og:locale\" content=\"es_ES\" \/>\n<meta property=\"og:type\" content=\"article\" \/>\n<meta property=\"og:title\" content=\"Subrogcion en Argentina - GS Consulting\" \/>\n<meta property=\"og:description\" content=\"Subrogcion en Argentina Gestaci\u00f3n subrogada en Argentina: Inf\u00f3rmese sobre el proceso, las leyes, las normativas y los costes para los futuros padres que buscan la gestaci\u00f3n subrogada en Argentina. Programas disponibles Donaci\u00f3n de \u00f3vulos con gestaci\u00f3n subrogada Gestaci\u00f3n subrogada con \u00f3vulos propios Gestaci\u00f3n subrogada con doble donaci\u00f3n Gestaci\u00f3n subrogada con embriones congelados enviados Gestaci\u00f3n subrogada\" \/>\n<meta property=\"og:url\" content=\"https:\/\/surrogacy.global\/surrogacy-in-argentina\/\" \/>\n<meta property=\"og:site_name\" content=\"GS Consulting\" \/>\n<meta property=\"article:publisher\" content=\"https:\/\/www.facebook.com\/GSconsultingsurrogacy\" \/>\n<meta property=\"article:modified_time\" content=\"2025-02-22T14:59:53+00:00\" \/>\n<meta property=\"og:image\" content=\"https:\/\/surrogacy.global\/wp-content\/uploads\/2025\/02\/panoramic-view-of-23-de-maio-avenue-view-from-view-2023-11-27-05-02-39-utc-min.jpg\" \/>\n\t<meta property=\"og:image:width\" content=\"1920\" \/>\n\t<meta property=\"og:image:height\" content=\"859\" \/>\n\t<meta property=\"og:image:type\" content=\"image\/jpeg\" \/>\n<meta name=\"twitter:card\" content=\"summary_large_image\" \/>\n<meta name=\"twitter:label1\" content=\"Tiempo de lectura\" \/>\n\t<meta name=\"twitter:data1\" content=\"4 minutos\" \/>\n<script type=\"application\/ld+json\" class=\"yoast-schema-graph\">{\"@context\":\"https:\\\/\\\/schema.org\",\"@graph\":[{\"@type\":\"WebPage\",\"@id\":\"https:\\\/\\\/surrogacy.global\\\/surrogacy-in-argentina\\\/\",\"url\":\"https:\\\/\\\/surrogacy.global\\\/surrogacy-in-argentina\\\/\",\"name\":\"Subrogcion en Argentina - GS Consulting\",\"isPartOf\":{\"@id\":\"https:\\\/\\\/surrogacy.global\\\/#website\"},\"primaryImageOfPage\":{\"@id\":\"https:\\\/\\\/surrogacy.global\\\/surrogacy-in-argentina\\\/#primaryimage\"},\"image\":{\"@id\":\"https:\\\/\\\/surrogacy.global\\\/surrogacy-in-argentina\\\/#primaryimage\"},\"thumbnailUrl\":\"https:\\\/\\\/surrogacy.global\\\/wp-content\\\/uploads\\\/2025\\\/02\\\/panoramic-view-of-23-de-maio-avenue-view-from-view-2023-11-27-05-02-39-utc-min.jpg\",\"datePublished\":\"2025-02-07T16:38:31+00:00\",\"dateModified\":\"2025-02-22T14:59:53+00:00\",\"breadcrumb\":{\"@id\":\"https:\\\/\\\/surrogacy.global\\\/surrogacy-in-argentina\\\/#breadcrumb\"},\"inLanguage\":\"es\",\"potentialAction\":[{\"@type\":\"ReadAction\",\"target\":[\"https:\\\/\\\/surrogacy.global\\\/surrogacy-in-argentina\\\/\"]}]},{\"@type\":\"ImageObject\",\"inLanguage\":\"es\",\"@id\":\"https:\\\/\\\/surrogacy.global\\\/surrogacy-in-argentina\\\/#primaryimage\",\"url\":\"https:\\\/\\\/surrogacy.global\\\/wp-content\\\/uploads\\\/2025\\\/02\\\/panoramic-view-of-23-de-maio-avenue-view-from-view-2023-11-27-05-02-39-utc-min.jpg\",\"contentUrl\":\"https:\\\/\\\/surrogacy.global\\\/wp-content\\\/uploads\\\/2025\\\/02\\\/panoramic-view-of-23-de-maio-avenue-view-from-view-2023-11-27-05-02-39-utc-min.jpg\"},{\"@type\":\"BreadcrumbList\",\"@id\":\"https:\\\/\\\/surrogacy.global\\\/surrogacy-in-argentina\\\/#breadcrumb\",\"itemListElement\":[{\"@type\":\"ListItem\",\"position\":1,\"name\":\"Home\",\"item\":\"https:\\\/\\\/surrogacy.global\\\/\"},{\"@type\":\"ListItem\",\"position\":2,\"name\":\"Subrogcion en Argentina\"}]},{\"@type\":\"WebSite\",\"@id\":\"https:\\\/\\\/surrogacy.global\\\/#website\",\"url\":\"https:\\\/\\\/surrogacy.global\\\/\",\"name\":\"GS Consulting\",\"description\":\"\",\"publisher\":{\"@id\":\"https:\\\/\\\/surrogacy.global\\\/#organization\"},\"potentialAction\":[{\"@type\":\"SearchAction\",\"target\":{\"@type\":\"EntryPoint\",\"urlTemplate\":\"https:\\\/\\\/surrogacy.global\\\/?s={search_term_string}\"},\"query-input\":{\"@type\":\"PropertyValueSpecification\",\"valueRequired\":true,\"valueName\":\"search_term_string\"}}],\"inLanguage\":\"es\"},{\"@type\":\"Organization\",\"@id\":\"https:\\\/\\\/surrogacy.global\\\/#organization\",\"name\":\"GS Consulting\",\"url\":\"https:\\\/\\\/surrogacy.global\\\/\",\"logo\":{\"@type\":\"ImageObject\",\"inLanguage\":\"es\",\"@id\":\"https:\\\/\\\/surrogacy.global\\\/#\\\/schema\\\/logo\\\/image\\\/\",\"url\":\"https:\\\/\\\/surrogacy.global\\\/wp-content\\\/uploads\\\/2024\\\/02\\\/GS-Consulting.png\",\"contentUrl\":\"https:\\\/\\\/surrogacy.global\\\/wp-content\\\/uploads\\\/2024\\\/02\\\/GS-Consulting.png\",\"width\":1000,\"height\":800,\"caption\":\"GS Consulting\"},\"image\":{\"@id\":\"https:\\\/\\\/surrogacy.global\\\/#\\\/schema\\\/logo\\\/image\\\/\"},\"sameAs\":[\"https:\\\/\\\/www.facebook.com\\\/GSconsultingsurrogacy\"]}]}<\/script>\n<!-- \/ Yoast SEO plugin. -->","yoast_head_json":{"title":"Subrogcion en Argentina - GS Consulting","robots":{"index":"index","follow":"follow","max-snippet":"max-snippet:-1","max-image-preview":"max-image-preview:large","max-video-preview":"max-video-preview:-1"},"canonical":"https:\/\/surrogacy.global\/surrogacy-in-argentina\/","og_locale":"es_ES","og_type":"article","og_title":"Subrogcion en Argentina - GS Consulting","og_description":"Subrogcion en Argentina Gestaci\u00f3n subrogada en Argentina: Inf\u00f3rmese sobre el proceso, las leyes, las normativas y los costes para los futuros padres que buscan la gestaci\u00f3n subrogada en Argentina. Programas disponibles Donaci\u00f3n de \u00f3vulos con gestaci\u00f3n subrogada Gestaci\u00f3n subrogada con \u00f3vulos propios Gestaci\u00f3n subrogada con doble donaci\u00f3n Gestaci\u00f3n subrogada con embriones congelados enviados Gestaci\u00f3n subrogada","og_url":"https:\/\/surrogacy.global\/surrogacy-in-argentina\/","og_site_name":"GS Consulting","article_publisher":"https:\/\/www.facebook.com\/GSconsultingsurrogacy","article_modified_time":"2025-02-22T14:59:53+00:00","og_image":[{"width":1920,"height":859,"url":"https:\/\/surrogacy.global\/wp-content\/uploads\/2025\/02\/panoramic-view-of-23-de-maio-avenue-view-from-view-2023-11-27-05-02-39-utc-min.jpg","type":"image\/jpeg"}],"twitter_card":"summary_large_image","twitter_misc":{"Tiempo de lectura":"4 minutos"},"schema":{"@context":"https:\/\/schema.org","@graph":[{"@type":"WebPage","@id":"https:\/\/surrogacy.global\/surrogacy-in-argentina\/","url":"https:\/\/surrogacy.global\/surrogacy-in-argentina\/","name":"Subrogcion en Argentina - GS Consulting","isPartOf":{"@id":"https:\/\/surrogacy.global\/#website"},"primaryImageOfPage":{"@id":"https:\/\/surrogacy.global\/surrogacy-in-argentina\/#primaryimage"},"image":{"@id":"https:\/\/surrogacy.global\/surrogacy-in-argentina\/#primaryimage"},"thumbnailUrl":"https:\/\/surrogacy.global\/wp-content\/uploads\/2025\/02\/panoramic-view-of-23-de-maio-avenue-view-from-view-2023-11-27-05-02-39-utc-min.jpg","datePublished":"2025-02-07T16:38:31+00:00","dateModified":"2025-02-22T14:59:53+00:00","breadcrumb":{"@id":"https:\/\/surrogacy.global\/surrogacy-in-argentina\/#breadcrumb"},"inLanguage":"es","potentialAction":[{"@type":"ReadAction","target":["https:\/\/surrogacy.global\/surrogacy-in-argentina\/"]}]},{"@type":"ImageObject","inLanguage":"es","@id":"https:\/\/surrogacy.global\/surrogacy-in-argentina\/#primaryimage","url":"https:\/\/surrogacy.global\/wp-content\/uploads\/2025\/02\/panoramic-view-of-23-de-maio-avenue-view-from-view-2023-11-27-05-02-39-utc-min.jpg","contentUrl":"https:\/\/surrogacy.global\/wp-content\/uploads\/2025\/02\/panoramic-view-of-23-de-maio-avenue-view-from-view-2023-11-27-05-02-39-utc-min.jpg"},{"@type":"BreadcrumbList","@id":"https:\/\/surrogacy.global\/surrogacy-in-argentina\/#breadcrumb","itemListElement":[{"@type":"ListItem","position":1,"name":"Home","item":"https:\/\/surrogacy.global\/"},{"@type":"ListItem","position":2,"name":"Subrogcion en Argentina"}]},{"@type":"WebSite","@id":"https:\/\/surrogacy.global\/#website","url":"https:\/\/surrogacy.global\/","name":"GS Consulting","description":"","publisher":{"@id":"https:\/\/surrogacy.global\/#organization"},"potentialAction":[{"@type":"SearchAction","target":{"@type":"EntryPoint","urlTemplate":"https:\/\/surrogacy.global\/?s={search_term_string}"},"query-input":{"@type":"PropertyValueSpecification","valueRequired":true,"valueName":"search_term_string"}}],"inLanguage":"es"},{"@type":"Organization","@id":"https:\/\/surrogacy.global\/#organization","name":"GS Consulting","url":"https:\/\/surrogacy.global\/","logo":{"@type":"ImageObject","inLanguage":"es","@id":"https:\/\/surrogacy.global\/#\/schema\/logo\/image\/","url":"https:\/\/surrogacy.global\/wp-content\/uploads\/2024\/02\/GS-Consulting.png","contentUrl":"https:\/\/surrogacy.global\/wp-content\/uploads\/2024\/02\/GS-Consulting.png","width":1000,"height":800,"caption":"GS Consulting"},"image":{"@id":"https:\/\/surrogacy.global\/#\/schema\/logo\/image\/"},"sameAs":["https:\/\/www.facebook.com\/GSconsultingsurrogacy"]}]}},"_links":{"self":[{"href":"https:\/\/surrogacy.global\/es\/wp-json\/wp\/v2\/pages\/11663","targetHints":{"allow":["GET"]}}],"collection":[{"href":"https:\/\/surrogacy.global\/es\/wp-json\/wp\/v2\/pages"}],"about":[{"href":"https:\/\/surrogacy.global\/es\/wp-json\/wp\/v2\/types\/page"}],"author":[{"embeddable":true,"href":"https:\/\/surrogacy.global\/es\/wp-json\/wp\/v2\/users\/2"}],"replies":[{"embeddable":true,"href":"https:\/\/surrogacy.global\/es\/wp-json\/wp\/v2\/comments?post=11663"}],"version-history":[{"count":0,"href":"https:\/\/surrogacy.global\/es\/wp-json\/wp\/v2\/pages\/11663\/revisions"}],"wp:attachment":[{"href":"https:\/\/surrogacy.global\/es\/wp-json\/wp\/v2\/media?parent=11663"}],"curies":[{"name":"wp","href":"https:\/\/api.w.org\/{rel}","templated":true}]}}