{"id":11820,"date":"2025-02-28T18:49:34","date_gmt":"2025-02-28T14:49:34","guid":{"rendered":"https:\/\/surrogacy.global\/our-story\/"},"modified":"2025-03-13T15:16:55","modified_gmt":"2025-03-13T11:16:55","slug":"nuestra-historia","status":"publish","type":"page","link":"https:\/\/surrogacy.global\/es\/nuestra-historia\/","title":{"rendered":"Nuestra Historia"},"content":{"rendered":"\t\t<div data-elementor-type=\"wp-page\" data-elementor-id=\"11820\" class=\"elementor elementor-11820 elementor-11744\" data-elementor-post-type=\"page\">\n\t\t\t\t<div class=\"elementor-element elementor-element-1554f84 e-flex e-con-boxed e-con e-parent\" data-id=\"1554f84\" data-element_type=\"container\" data-e-type=\"container\">\n\t\t\t\t\t<div class=\"e-con-inner\">\n\t\t\t\t<div class=\"elementor-element elementor-element-5c4f218 elementor-widget elementor-widget-heading\" data-id=\"5c4f218\" data-element_type=\"widget\" data-e-type=\"widget\" data-widget_type=\"heading.default\">\n\t\t\t\t<div class=\"elementor-widget-container\">\n\t\t\t\t\t<h2 class=\"elementor-heading-title elementor-size-default\">Nuestra Historia<\/h2>\t\t\t\t<\/div>\n\t\t\t\t<\/div>\n\t\t\t\t<div class=\"elementor-element elementor-element-8d7d969 elementor-widget elementor-widget-text-editor\" data-id=\"8d7d969\" data-element_type=\"widget\" data-e-type=\"widget\" data-widget_type=\"text-editor.default\">\n\t\t\t\t<div class=\"elementor-widget-container\">\n\t\t\t\t\t\t\t\t\t<p><span style=\"color: #232323;\">Conozca al entregado equipo que est\u00e1 detr\u00e1s de los servicios de gestaci\u00f3n subrogada internacional de GS Consulting a trav\u00e9s de entrevistas personales y perspectivas entre bastidores. Nuestra secci\u00f3n Historia revela la pasi\u00f3n, los retos y el compromiso inquebrantable que impulsan nuestro enfoque \u00e9tico de la gestaci\u00f3n subrogada.<\/span><\/p>\n\t\t\t\t\t\t\t\t<\/div>\n\t\t\t\t<\/div>\n\t\t\t\t<div class=\"elementor-element elementor-element-7adbb8b elementor-widget elementor-widget-elementskit-blog-posts\" data-id=\"7adbb8b\" data-element_type=\"widget\" data-e-type=\"widget\" data-widget_type=\"elementskit-blog-posts.default\">\n\t\t\t\t<div class=\"elementor-widget-container\">\n\t\t\t\t\t<div class=\"ekit-wid-con\" >        <div id=\"post-items--7adbb8b\" class=\"row post-items\">\n                    <div class=\"col-md-12\">\n\n                                    <div class=\"elementskit-blog-block-post\">\n                        <div class=\"row no-gutters\">\n                                                            <div class=\"col-md-6 order-1\">\n                                    <a href=\"https:\/\/surrogacy.global\/es\/el-proceso-de-gestacion-subrogada-y-los-desafios-de-la-busqueda-de-una-madre-sustituta\/\" class=\"elementskit-entry-thumb\">\n                                        <img decoding=\"async\" src=\"https:\/\/surrogacy.global\/wp-content\/uploads\/2025\/03\/iStock-1423392402.jpg\" alt=\"El proceso de gestaci\u00f3n subrogada y los desaf\u00edos de la b\u00fasqueda de una madre sustituta: \u00bfQu\u00e9 est\u00e1 sucediendo detr\u00e1s de escena?\">\n                                    <\/a><!-- .elementskit-entry-thumb END -->\n                                <\/div>\n                            \n                            <div class=\"col-md-6 order-2\">\n                                <div class=\"elementskit-post-body \">\n                                    <div class=\"elementskit-entry-header\">\n                                        \t\t\t\t\t\t\t\t\t\t\t\t\t\t\t<h2 class=\"entry-title\">\n\t\t\t\t\t<a href=\"https:\/\/surrogacy.global\/es\/el-proceso-de-gestacion-subrogada-y-los-desafios-de-la-busqueda-de-una-madre-sustituta\/\">\n\t\t\t\t\t\tEl proceso de gestaci\u00f3n subrogada y los desaf\u00edos de la b\u00fasqueda de una madre sustituta: \u00bfQu\u00e9 est\u00e1 sucediendo detr\u00e1s de escena?\t\t\t\t\t<\/a>\n\t\t\t\t<\/h2>\n\t\t\t                                        \n                                                                                            \t\t\t\t\t\t\t\t\t\t\t<div class=\"post-meta-list\">\n\t\t\t\t\t\t\t\t\t\t\t\t\t\t\t\t\t\t\t\t\t\t\t\t\t\t\t\t\t\t\t\t<span class=\"meta-date\">\n\t\t\t\t\t\t\t\t\t\t<i aria-hidden=\"true\" class=\"icon icon-calendar3\"><\/i>\t\t\t\t\t\t\t\t\t\t<span class=\"meta-date-text\">\n\t\t\t\t\t\t\t\t\t\t\tmarzo 11, 2025\t\t\t\t\t\t\t\t\t\t<\/span>\n\t\t\t\t\t\t\t\t\t<\/span>\n\t\t\t\t\t\t\t\t\t\t\t\t\t\t\t\t\t\t\t\t\t\t\t\t\t\t\t\t\t\t\t\t\t\t\t\t\t\t\t\t\t\t\t\t\t\t\t\t\t\t\t\t\t\t\t\t\t\t\t\t\t\t\t\t<span class=\"post-cat\">\n\t\t\t\t\t\t\t\t\t\t<i aria-hidden=\"true\" class=\"icon icon-folder\"><\/i>\t\t\t\t\t\t\t\t\t\t<a href=\"https:\/\/surrogacy.global\/es\/category\/our-story-es\/\" rel=\"category tag\">Our Story<\/a>\t\t\t\t\t\t\t\t\t<\/span>\n\t\t\t\t\t\t\t\t\t\t\t\t\t\t\t\t\t\t\t\t\t\t\t\t\t\t\t\t\t<\/div>\n\t\t\t\t\t                                            \n                                            \n                                                                                <\/div><!-- .elementskit-entry-header END -->\n\n                                                                            <div class=\"elementskit-post-footer\">\n                                                                                            <p>La b\u00fasqueda de la gestaci\u00f3n subrogada es la etapa m\u00e1s importante del proceso, tras la cual comienza la preparaci\u00f3n para la transferencia de embriones, acerc\u00e1ndote un paso m\u00e1s a la realizaci\u00f3n de tu&hellip;<\/p>\n                                                                                                                                <\/div><!-- .elementskit-post-footer END -->\n                                                                    <\/div><!-- .elementskit-post-body END -->\n                            <\/div>\n                        <\/div>\n                    <\/div><!-- .elementskit-blog-block-post .radius .gradient-bg END -->\n                \n            <\/div>\n                    <div class=\"col-md-12\">\n\n                                    <div class=\"elementskit-blog-block-post\">\n                        <div class=\"row no-gutters\">\n                                                            <div class=\"col-md-6 order-1\">\n                                    <a href=\"https:\/\/surrogacy.global\/es\/mi-viaje-a-traves-de-la-gestacion-subrogada-de-canada-a-argentina\/\" class=\"elementskit-entry-thumb\">\n                                        <img decoding=\"async\" src=\"https:\/\/surrogacy.global\/wp-content\/uploads\/2025\/02\/1.jpg\" alt=\"Mi viaje a trav\u00e9s de la gestaci\u00f3n subrogada: De Canad\u00e1 a Argentina\">\n                                    <\/a><!-- .elementskit-entry-thumb END -->\n                                <\/div>\n                            \n                            <div class=\"col-md-6 order-2\">\n                                <div class=\"elementskit-post-body \">\n                                    <div class=\"elementskit-entry-header\">\n                                        \t\t\t\t\t\t\t\t\t\t\t\t\t\t\t<h2 class=\"entry-title\">\n\t\t\t\t\t<a href=\"https:\/\/surrogacy.global\/es\/mi-viaje-a-traves-de-la-gestacion-subrogada-de-canada-a-argentina\/\">\n\t\t\t\t\t\tMi viaje a trav\u00e9s de la gestaci\u00f3n subrogada: De Canad\u00e1 a Argentina\t\t\t\t\t<\/a>\n\t\t\t\t<\/h2>\n\t\t\t                                        \n                                                                                            \t\t\t\t\t\t\t\t\t\t\t<div class=\"post-meta-list\">\n\t\t\t\t\t\t\t\t\t\t\t\t\t\t\t\t\t\t\t\t\t\t\t\t\t\t\t\t\t\t\t\t<span class=\"meta-date\">\n\t\t\t\t\t\t\t\t\t\t<i aria-hidden=\"true\" class=\"icon icon-calendar3\"><\/i>\t\t\t\t\t\t\t\t\t\t<span class=\"meta-date-text\">\n\t\t\t\t\t\t\t\t\t\t\tfebrero 28, 2025\t\t\t\t\t\t\t\t\t\t<\/span>\n\t\t\t\t\t\t\t\t\t<\/span>\n\t\t\t\t\t\t\t\t\t\t\t\t\t\t\t\t\t\t\t\t\t\t\t\t\t\t\t\t\t\t\t\t\t\t\t\t\t\t\t\t\t\t\t\t\t\t\t\t\t\t\t\t\t\t\t\t\t\t\t\t\t\t\t\t<span class=\"post-cat\">\n\t\t\t\t\t\t\t\t\t\t<i aria-hidden=\"true\" class=\"icon icon-folder\"><\/i>\t\t\t\t\t\t\t\t\t\t<a href=\"https:\/\/surrogacy.global\/es\/category\/our-story-es\/\" rel=\"category tag\">Our Story<\/a>\t\t\t\t\t\t\t\t\t<\/span>\n\t\t\t\t\t\t\t\t\t\t\t\t\t\t\t\t\t\t\t\t\t\t\t\t\t\t\t\t\t<\/div>\n\t\t\t\t\t                                            \n                                            \n                                                                                <\/div><!-- .elementskit-entry-header END -->\n\n                                                                            <div class=\"elementskit-post-footer\">\n                                                                                            <p>La gestaci\u00f3n subrogada es una de esas experiencias que nunca comprendes del todo hasta que la vives. No es solo un proceso, es una monta\u00f1a rusa de emociones con giros inesperados y desaf\u00edos&hellip;<\/p>\n                                                                                                                                <\/div><!-- .elementskit-post-footer END -->\n                                                                    <\/div><!-- .elementskit-post-body END -->\n                            <\/div>\n                        <\/div>\n                    <\/div><!-- .elementskit-blog-block-post .radius .gradient-bg END -->\n                \n            <\/div>\n                    <div class=\"col-md-12\">\n\n                                    <div class=\"elementskit-blog-block-post\">\n                        <div class=\"row no-gutters\">\n                                                            <div class=\"col-md-6 order-1\">\n                                    <a href=\"https:\/\/surrogacy.global\/es\/el-papel-de-la-experiencia-legal-en-la-gestacion-subrogada-tamuna-abramidze-sobre-las-practicas-eticas-de-gs-consulting\/\" class=\"elementskit-entry-thumb\">\n                                        <img decoding=\"async\" src=\"https:\/\/surrogacy.global\/wp-content\/uploads\/2025\/02\/iStock-1275167861.jpg\" alt=\"El Papel de la Experiencia Legal en la Gestaci\u00f3n Subrogada: Tamuna Abramidze sobre las Pr\u00e1cticas \u00c9ticas de GS Consulting\">\n                                    <\/a><!-- .elementskit-entry-thumb END -->\n                                <\/div>\n                            \n                            <div class=\"col-md-6 order-2\">\n                                <div class=\"elementskit-post-body \">\n                                    <div class=\"elementskit-entry-header\">\n                                        \t\t\t\t\t\t\t\t\t\t\t\t\t\t\t<h2 class=\"entry-title\">\n\t\t\t\t\t<a href=\"https:\/\/surrogacy.global\/es\/el-papel-de-la-experiencia-legal-en-la-gestacion-subrogada-tamuna-abramidze-sobre-las-practicas-eticas-de-gs-consulting\/\">\n\t\t\t\t\t\tEl Papel de la Experiencia Legal en la Gestaci\u00f3n Subrogada: Tamuna Abramidze sobre las Pr\u00e1cticas \u00c9ticas de GS Consulting\t\t\t\t\t<\/a>\n\t\t\t\t<\/h2>\n\t\t\t                                        \n                                                                                            \t\t\t\t\t\t\t\t\t\t\t<div class=\"post-meta-list\">\n\t\t\t\t\t\t\t\t\t\t\t\t\t\t\t\t\t\t\t\t\t\t\t\t\t\t\t\t\t\t\t\t<span class=\"meta-date\">\n\t\t\t\t\t\t\t\t\t\t<i aria-hidden=\"true\" class=\"icon icon-calendar3\"><\/i>\t\t\t\t\t\t\t\t\t\t<span class=\"meta-date-text\">\n\t\t\t\t\t\t\t\t\t\t\tfebrero 4, 2025\t\t\t\t\t\t\t\t\t\t<\/span>\n\t\t\t\t\t\t\t\t\t<\/span>\n\t\t\t\t\t\t\t\t\t\t\t\t\t\t\t\t\t\t\t\t\t\t\t\t\t\t\t\t\t\t\t\t\t\t\t\t\t\t\t\t\t\t\t\t\t\t\t\t\t\t\t\t\t\t\t\t\t\t\t\t\t\t\t\t<span class=\"post-cat\">\n\t\t\t\t\t\t\t\t\t\t<i aria-hidden=\"true\" class=\"icon icon-folder\"><\/i>\t\t\t\t\t\t\t\t\t\t<a href=\"https:\/\/surrogacy.global\/es\/category\/our-story-es\/\" rel=\"category tag\">Our Story<\/a>\t\t\t\t\t\t\t\t\t<\/span>\n\t\t\t\t\t\t\t\t\t\t\t\t\t\t\t\t\t\t\t\t\t\t\t\t\t\t\t\t\t<\/div>\n\t\t\t\t\t                                            \n                                            \n                                                                                <\/div><!-- .elementskit-entry-header END -->\n\n                                                                            <div class=\"elementskit-post-footer\">\n                                                                                            <p>Continuando con nuestras enriquecedoras conversaciones con los miembros clave de GS Consulting, hoy nos complace hablar con Tamuna Abramidze, directora del departamento legal de gestaci\u00f3n subrogada de GS Consulting. Tras una interesante entrevista&hellip;<\/p>\n                                                                                                                                <\/div><!-- .elementskit-post-footer END -->\n                                                                    <\/div><!-- .elementskit-post-body END -->\n                            <\/div>\n                        <\/div>\n                    <\/div><!-- .elementskit-blog-block-post .radius .gradient-bg END -->\n                \n            <\/div>\n                    <div class=\"col-md-12\">\n\n                                    <div class=\"elementskit-blog-block-post\">\n                        <div class=\"row no-gutters\">\n                                                            <div class=\"col-md-6 order-1\">\n                                    <a href=\"https:\/\/surrogacy.global\/es\/mas-alla-del-negocio-como-el-equipo-de-gs-consulting-transforma-los-viajes-de-gestacion-subrogada-a-traves-de-la-dedicacion-personal\/\" class=\"elementskit-entry-thumb\">\n                                        <img decoding=\"async\" src=\"https:\/\/surrogacy.global\/wp-content\/uploads\/2025\/01\/22-min.jpg\" alt=\"M\u00e1s All\u00e1 del Negocio: C\u00f3mo el Equipo de GS Consulting Transforma los Viajes de Gestaci\u00f3n Subrogada a Trav\u00e9s de la Dedicaci\u00f3n Personal\">\n                                    <\/a><!-- .elementskit-entry-thumb END -->\n                                <\/div>\n                            \n                            <div class=\"col-md-6 order-2\">\n                                <div class=\"elementskit-post-body \">\n                                    <div class=\"elementskit-entry-header\">\n                                        \t\t\t\t\t\t\t\t\t\t\t\t\t\t\t<h2 class=\"entry-title\">\n\t\t\t\t\t<a href=\"https:\/\/surrogacy.global\/es\/mas-alla-del-negocio-como-el-equipo-de-gs-consulting-transforma-los-viajes-de-gestacion-subrogada-a-traves-de-la-dedicacion-personal\/\">\n\t\t\t\t\t\tM\u00e1s All\u00e1 del Negocio: C\u00f3mo el Equipo de GS Consulting Transforma los Viajes de Gestaci\u00f3n Subrogada a Trav\u00e9s de la Dedicaci\u00f3n Personal\t\t\t\t\t<\/a>\n\t\t\t\t<\/h2>\n\t\t\t                                        \n                                                                                            \t\t\t\t\t\t\t\t\t\t\t<div class=\"post-meta-list\">\n\t\t\t\t\t\t\t\t\t\t\t\t\t\t\t\t\t\t\t\t\t\t\t\t\t\t\t\t\t\t\t\t<span class=\"meta-date\">\n\t\t\t\t\t\t\t\t\t\t<i aria-hidden=\"true\" class=\"icon icon-calendar3\"><\/i>\t\t\t\t\t\t\t\t\t\t<span class=\"meta-date-text\">\n\t\t\t\t\t\t\t\t\t\t\tenero 9, 2025\t\t\t\t\t\t\t\t\t\t<\/span>\n\t\t\t\t\t\t\t\t\t<\/span>\n\t\t\t\t\t\t\t\t\t\t\t\t\t\t\t\t\t\t\t\t\t\t\t\t\t\t\t\t\t\t\t\t\t\t\t\t\t\t\t\t\t\t\t\t\t\t\t\t\t\t\t\t\t\t\t\t\t\t\t\t\t\t\t\t<span class=\"post-cat\">\n\t\t\t\t\t\t\t\t\t\t<i aria-hidden=\"true\" class=\"icon icon-folder\"><\/i>\t\t\t\t\t\t\t\t\t\t<a href=\"https:\/\/surrogacy.global\/es\/category\/our-story-es\/\" rel=\"category tag\">Our Story<\/a>\t\t\t\t\t\t\t\t\t<\/span>\n\t\t\t\t\t\t\t\t\t\t\t\t\t\t\t\t\t\t\t\t\t\t\t\t\t\t\t\t\t<\/div>\n\t\t\t\t\t                                            \n                                            \n                                                                                <\/div><!-- .elementskit-entry-header END -->\n\n                                                                            <div class=\"elementskit-post-footer\">\n                                                                                            <p>Prepararse para la entrevista de hoy con Tamari Kachlishvili, fundadora y CEO de GS Consulting, implic\u00f3 reflexionar sobre casi tres a\u00f1os de dedicaci\u00f3n. Desde el inicio de la agencia, su principal motivaci\u00f3n ha&hellip;<\/p>\n                                                                                                                                <\/div><!-- .elementskit-post-footer END -->\n                                                                    <\/div><!-- .elementskit-post-body END -->\n                            <\/div>\n                        <\/div>\n                    <\/div><!-- .elementskit-blog-block-post .radius .gradient-bg END -->\n                \n            <\/div>\n                <\/div>\n       <\/div>\t\t\t\t<\/div>\n\t\t\t\t<\/div>\n\t\t\t\t\t<\/div>\n\t\t\t\t<\/div>\n\t\t\t\t<\/div>\n\t\t","protected":false},"excerpt":{"rendered":"<p>Nuestra Historia Conozca al entregado equipo que est\u00e1 detr\u00e1s de los servicios de gestaci\u00f3n subrogada internacional de GS Consulting a trav\u00e9s de entrevistas personales y perspectivas entre bastidores. Nuestra secci\u00f3n Historia revela la pasi\u00f3n, los retos y el compromiso inquebrantable que impulsan nuestro enfoque \u00e9tico de la gestaci\u00f3n subrogada.<\/p>\n","protected":false},"author":2,"featured_media":0,"parent":0,"menu_order":0,"comment_status":"closed","ping_status":"closed","template":"","meta":{"footnotes":""},"class_list":["post-11820","page","type-page","status-publish","hentry"],"yoast_head":"<!-- This site is optimized with the Yoast SEO plugin v27.3 - https:\/\/yoast.com\/product\/yoast-seo-wordpress\/ -->\n<title>Nuestra Historia - GS Consulting<\/title>\n<meta name=\"robots\" content=\"index, follow, max-snippet:-1, max-image-preview:large, max-video-preview:-1\" \/>\n<link rel=\"canonical\" href=\"https:\/\/surrogacy.global\/es\/nuestra-historia\/\" \/>\n<meta property=\"og:locale\" content=\"es_ES\" \/>\n<meta property=\"og:type\" content=\"article\" \/>\n<meta property=\"og:title\" content=\"Nuestra Historia - GS Consulting\" \/>\n<meta property=\"og:description\" content=\"Nuestra Historia Conozca al entregado equipo que est\u00e1 detr\u00e1s de los servicios de gestaci\u00f3n subrogada internacional de GS Consulting a trav\u00e9s de entrevistas personales y perspectivas entre bastidores. Nuestra secci\u00f3n Historia revela la pasi\u00f3n, los retos y el compromiso inquebrantable que impulsan nuestro enfoque \u00e9tico de la gestaci\u00f3n subrogada.\" \/>\n<meta property=\"og:url\" content=\"https:\/\/surrogacy.global\/es\/nuestra-historia\/\" \/>\n<meta property=\"og:site_name\" content=\"GS Consulting\" \/>\n<meta property=\"article:publisher\" content=\"https:\/\/www.facebook.com\/GSconsultingsurrogacy\" \/>\n<meta property=\"article:modified_time\" content=\"2025-03-13T11:16:55+00:00\" \/>\n<meta name=\"twitter:card\" content=\"summary_large_image\" \/>\n<meta name=\"twitter:label1\" content=\"Tiempo de lectura\" \/>\n\t<meta name=\"twitter:data1\" content=\"1 minuto\" \/>\n<script type=\"application\/ld+json\" class=\"yoast-schema-graph\">{\"@context\":\"https:\\\/\\\/schema.org\",\"@graph\":[{\"@type\":\"WebPage\",\"@id\":\"https:\\\/\\\/surrogacy.global\\\/es\\\/nuestra-historia\\\/\",\"url\":\"https:\\\/\\\/surrogacy.global\\\/es\\\/nuestra-historia\\\/\",\"name\":\"Nuestra Historia - GS Consulting\",\"isPartOf\":{\"@id\":\"https:\\\/\\\/surrogacy.global\\\/#website\"},\"datePublished\":\"2025-02-28T14:49:34+00:00\",\"dateModified\":\"2025-03-13T11:16:55+00:00\",\"breadcrumb\":{\"@id\":\"https:\\\/\\\/surrogacy.global\\\/es\\\/nuestra-historia\\\/#breadcrumb\"},\"inLanguage\":\"es\",\"potentialAction\":[{\"@type\":\"ReadAction\",\"target\":[\"https:\\\/\\\/surrogacy.global\\\/es\\\/nuestra-historia\\\/\"]}]},{\"@type\":\"BreadcrumbList\",\"@id\":\"https:\\\/\\\/surrogacy.global\\\/es\\\/nuestra-historia\\\/#breadcrumb\",\"itemListElement\":[{\"@type\":\"ListItem\",\"position\":1,\"name\":\"Home\",\"item\":\"https:\\\/\\\/surrogacy.global\\\/\"},{\"@type\":\"ListItem\",\"position\":2,\"name\":\"Nuestra Historia\"}]},{\"@type\":\"WebSite\",\"@id\":\"https:\\\/\\\/surrogacy.global\\\/#website\",\"url\":\"https:\\\/\\\/surrogacy.global\\\/\",\"name\":\"GS Consulting\",\"description\":\"\",\"publisher\":{\"@id\":\"https:\\\/\\\/surrogacy.global\\\/#organization\"},\"potentialAction\":[{\"@type\":\"SearchAction\",\"target\":{\"@type\":\"EntryPoint\",\"urlTemplate\":\"https:\\\/\\\/surrogacy.global\\\/?s={search_term_string}\"},\"query-input\":{\"@type\":\"PropertyValueSpecification\",\"valueRequired\":true,\"valueName\":\"search_term_string\"}}],\"inLanguage\":\"es\"},{\"@type\":\"Organization\",\"@id\":\"https:\\\/\\\/surrogacy.global\\\/#organization\",\"name\":\"GS Consulting\",\"url\":\"https:\\\/\\\/surrogacy.global\\\/\",\"logo\":{\"@type\":\"ImageObject\",\"inLanguage\":\"es\",\"@id\":\"https:\\\/\\\/surrogacy.global\\\/#\\\/schema\\\/logo\\\/image\\\/\",\"url\":\"https:\\\/\\\/surrogacy.global\\\/wp-content\\\/uploads\\\/2024\\\/02\\\/GS-Consulting.png\",\"contentUrl\":\"https:\\\/\\\/surrogacy.global\\\/wp-content\\\/uploads\\\/2024\\\/02\\\/GS-Consulting.png\",\"width\":1000,\"height\":800,\"caption\":\"GS Consulting\"},\"image\":{\"@id\":\"https:\\\/\\\/surrogacy.global\\\/#\\\/schema\\\/logo\\\/image\\\/\"},\"sameAs\":[\"https:\\\/\\\/www.facebook.com\\\/GSconsultingsurrogacy\"]}]}<\/script>\n<!-- \/ Yoast SEO plugin. -->","yoast_head_json":{"title":"Nuestra Historia - GS Consulting","robots":{"index":"index","follow":"follow","max-snippet":"max-snippet:-1","max-image-preview":"max-image-preview:large","max-video-preview":"max-video-preview:-1"},"canonical":"https:\/\/surrogacy.global\/es\/nuestra-historia\/","og_locale":"es_ES","og_type":"article","og_title":"Nuestra Historia - GS Consulting","og_description":"Nuestra Historia Conozca al entregado equipo que est\u00e1 detr\u00e1s de los servicios de gestaci\u00f3n subrogada internacional de GS Consulting a trav\u00e9s de entrevistas personales y perspectivas entre bastidores. Nuestra secci\u00f3n Historia revela la pasi\u00f3n, los retos y el compromiso inquebrantable que impulsan nuestro enfoque \u00e9tico de la gestaci\u00f3n subrogada.","og_url":"https:\/\/surrogacy.global\/es\/nuestra-historia\/","og_site_name":"GS Consulting","article_publisher":"https:\/\/www.facebook.com\/GSconsultingsurrogacy","article_modified_time":"2025-03-13T11:16:55+00:00","twitter_card":"summary_large_image","twitter_misc":{"Tiempo de lectura":"1 minuto"},"schema":{"@context":"https:\/\/schema.org","@graph":[{"@type":"WebPage","@id":"https:\/\/surrogacy.global\/es\/nuestra-historia\/","url":"https:\/\/surrogacy.global\/es\/nuestra-historia\/","name":"Nuestra Historia - GS Consulting","isPartOf":{"@id":"https:\/\/surrogacy.global\/#website"},"datePublished":"2025-02-28T14:49:34+00:00","dateModified":"2025-03-13T11:16:55+00:00","breadcrumb":{"@id":"https:\/\/surrogacy.global\/es\/nuestra-historia\/#breadcrumb"},"inLanguage":"es","potentialAction":[{"@type":"ReadAction","target":["https:\/\/surrogacy.global\/es\/nuestra-historia\/"]}]},{"@type":"BreadcrumbList","@id":"https:\/\/surrogacy.global\/es\/nuestra-historia\/#breadcrumb","itemListElement":[{"@type":"ListItem","position":1,"name":"Home","item":"https:\/\/surrogacy.global\/"},{"@type":"ListItem","position":2,"name":"Nuestra Historia"}]},{"@type":"WebSite","@id":"https:\/\/surrogacy.global\/#website","url":"https:\/\/surrogacy.global\/","name":"GS Consulting","description":"","publisher":{"@id":"https:\/\/surrogacy.global\/#organization"},"potentialAction":[{"@type":"SearchAction","target":{"@type":"EntryPoint","urlTemplate":"https:\/\/surrogacy.global\/?s={search_term_string}"},"query-input":{"@type":"PropertyValueSpecification","valueRequired":true,"valueName":"search_term_string"}}],"inLanguage":"es"},{"@type":"Organization","@id":"https:\/\/surrogacy.global\/#organization","name":"GS Consulting","url":"https:\/\/surrogacy.global\/","logo":{"@type":"ImageObject","inLanguage":"es","@id":"https:\/\/surrogacy.global\/#\/schema\/logo\/image\/","url":"https:\/\/surrogacy.global\/wp-content\/uploads\/2024\/02\/GS-Consulting.png","contentUrl":"https:\/\/surrogacy.global\/wp-content\/uploads\/2024\/02\/GS-Consulting.png","width":1000,"height":800,"caption":"GS Consulting"},"image":{"@id":"https:\/\/surrogacy.global\/#\/schema\/logo\/image\/"},"sameAs":["https:\/\/www.facebook.com\/GSconsultingsurrogacy"]}]}},"_links":{"self":[{"href":"https:\/\/surrogacy.global\/es\/wp-json\/wp\/v2\/pages\/11820","targetHints":{"allow":["GET"]}}],"collection":[{"href":"https:\/\/surrogacy.global\/es\/wp-json\/wp\/v2\/pages"}],"about":[{"href":"https:\/\/surrogacy.global\/es\/wp-json\/wp\/v2\/types\/page"}],"author":[{"embeddable":true,"href":"https:\/\/surrogacy.global\/es\/wp-json\/wp\/v2\/users\/2"}],"replies":[{"embeddable":true,"href":"https:\/\/surrogacy.global\/es\/wp-json\/wp\/v2\/comments?post=11820"}],"version-history":[{"count":0,"href":"https:\/\/surrogacy.global\/es\/wp-json\/wp\/v2\/pages\/11820\/revisions"}],"wp:attachment":[{"href":"https:\/\/surrogacy.global\/es\/wp-json\/wp\/v2\/media?parent=11820"}],"curies":[{"name":"wp","href":"https:\/\/api.w.org\/{rel}","templated":true}]}}