{"id":12076,"date":"2025-04-22T13:30:10","date_gmt":"2025-04-22T09:30:10","guid":{"rendered":"https:\/\/surrogacy.global\/surrogacy-for\/"},"modified":"2025-04-22T13:46:16","modified_gmt":"2025-04-22T09:46:16","slug":"surrogacy-for","status":"publish","type":"page","link":"https:\/\/surrogacy.global\/es\/surrogacy-for\/","title":{"rendered":"Subrogaci\u00f3n para"},"content":{"rendered":"\t\t<div data-elementor-type=\"wp-page\" data-elementor-id=\"12076\" class=\"elementor elementor-12076 elementor-12067\" data-elementor-post-type=\"page\">\n\t\t\t\t<div class=\"elementor-element elementor-element-541177d e-flex e-con-boxed e-con e-parent\" data-id=\"541177d\" data-element_type=\"container\" data-e-type=\"container\">\n\t\t\t\t\t<div class=\"e-con-inner\">\n\t\t\t\t<div class=\"elementor-element elementor-element-86e191a elementor-widget elementor-widget-heading\" data-id=\"86e191a\" data-element_type=\"widget\" data-e-type=\"widget\" data-widget_type=\"heading.default\">\n\t\t\t\t<div class=\"elementor-widget-container\">\n\t\t\t\t\t<h2 class=\"elementor-heading-title elementor-size-default\">Subrogaci\u00f3n para<\/h2>\t\t\t\t<\/div>\n\t\t\t\t<\/div>\n\t\t\t\t\t<\/div>\n\t\t\t\t<\/div>\n\t\t\t\t<\/div>\n\t\t","protected":false},"excerpt":{"rendered":"<p>Subrogaci\u00f3n para Subrogaci\u00f3n para parejas heterosexuales La gestaci\u00f3n subrogada es un maravilloso proceso de planificaci\u00f3n familiar que permite a las personas o parejas tener un hijo cuando no pueden concebir por s\u00ed mismas, un grupo que Gestaci\u00f3n subrogada para padres homosexuales Aunque la subrogaci\u00f3n gestacional requiere una s\u00f3lida experiencia legal y m\u00e9dica, es la mejor<\/p>\n","protected":false},"author":2,"featured_media":0,"parent":0,"menu_order":0,"comment_status":"closed","ping_status":"closed","template":"","meta":{"footnotes":""},"class_list":["post-12076","page","type-page","status-publish","hentry"],"yoast_head":"<!-- This site is optimized with the Yoast SEO plugin v27.3 - https:\/\/yoast.com\/product\/yoast-seo-wordpress\/ -->\n<title>Subrogaci\u00f3n para - GS Consulting<\/title>\n<meta name=\"robots\" content=\"index, follow, max-snippet:-1, max-image-preview:large, max-video-preview:-1\" \/>\n<link rel=\"canonical\" href=\"https:\/\/surrogacy.global\/es\/surrogacy-for\/\" \/>\n<meta property=\"og:locale\" content=\"es_ES\" \/>\n<meta property=\"og:type\" content=\"article\" \/>\n<meta property=\"og:title\" content=\"Subrogaci\u00f3n para - GS Consulting\" \/>\n<meta property=\"og:description\" content=\"Subrogaci\u00f3n para Subrogaci\u00f3n para parejas heterosexuales La gestaci\u00f3n subrogada es un maravilloso proceso de planificaci\u00f3n familiar que permite a las personas o parejas tener un hijo cuando no pueden concebir por s\u00ed mismas, un grupo que Gestaci\u00f3n subrogada para padres homosexuales Aunque la subrogaci\u00f3n gestacional requiere una s\u00f3lida experiencia legal y m\u00e9dica, es la mejor\" \/>\n<meta property=\"og:url\" content=\"https:\/\/surrogacy.global\/es\/surrogacy-for\/\" \/>\n<meta property=\"og:site_name\" content=\"GS Consulting\" \/>\n<meta property=\"article:publisher\" content=\"https:\/\/www.facebook.com\/GSconsultingsurrogacy\" \/>\n<meta property=\"article:modified_time\" content=\"2025-04-22T09:46:16+00:00\" \/>\n<meta property=\"og:image\" content=\"https:\/\/surrogacy.global\/wp-content\/uploads\/2022\/06\/gay-parents-scaled.jpeg\" \/>\n<meta name=\"twitter:card\" content=\"summary_large_image\" \/>\n<meta name=\"twitter:label1\" content=\"Tiempo de lectura\" \/>\n\t<meta name=\"twitter:data1\" content=\"2 minutos\" \/>\n<script type=\"application\/ld+json\" class=\"yoast-schema-graph\">{\"@context\":\"https:\\\/\\\/schema.org\",\"@graph\":[{\"@type\":\"WebPage\",\"@id\":\"https:\\\/\\\/surrogacy.global\\\/es\\\/surrogacy-for\\\/\",\"url\":\"https:\\\/\\\/surrogacy.global\\\/es\\\/surrogacy-for\\\/\",\"name\":\"Subrogaci\u00f3n para - GS Consulting\",\"isPartOf\":{\"@id\":\"https:\\\/\\\/surrogacy.global\\\/#website\"},\"primaryImageOfPage\":{\"@id\":\"https:\\\/\\\/surrogacy.global\\\/es\\\/surrogacy-for\\\/#primaryimage\"},\"image\":{\"@id\":\"https:\\\/\\\/surrogacy.global\\\/es\\\/surrogacy-for\\\/#primaryimage\"},\"thumbnailUrl\":\"https:\\\/\\\/surrogacy.global\\\/wp-content\\\/uploads\\\/2022\\\/06\\\/gay-parents-scaled.jpeg\",\"datePublished\":\"2025-04-22T09:30:10+00:00\",\"dateModified\":\"2025-04-22T09:46:16+00:00\",\"breadcrumb\":{\"@id\":\"https:\\\/\\\/surrogacy.global\\\/es\\\/surrogacy-for\\\/#breadcrumb\"},\"inLanguage\":\"es\",\"potentialAction\":[{\"@type\":\"ReadAction\",\"target\":[\"https:\\\/\\\/surrogacy.global\\\/es\\\/surrogacy-for\\\/\"]}]},{\"@type\":\"ImageObject\",\"inLanguage\":\"es\",\"@id\":\"https:\\\/\\\/surrogacy.global\\\/es\\\/surrogacy-for\\\/#primaryimage\",\"url\":\"https:\\\/\\\/surrogacy.global\\\/wp-content\\\/uploads\\\/2022\\\/06\\\/gay-parents-scaled.jpeg\",\"contentUrl\":\"https:\\\/\\\/surrogacy.global\\\/wp-content\\\/uploads\\\/2022\\\/06\\\/gay-parents-scaled.jpeg\"},{\"@type\":\"BreadcrumbList\",\"@id\":\"https:\\\/\\\/surrogacy.global\\\/es\\\/surrogacy-for\\\/#breadcrumb\",\"itemListElement\":[{\"@type\":\"ListItem\",\"position\":1,\"name\":\"Home\",\"item\":\"https:\\\/\\\/surrogacy.global\\\/\"},{\"@type\":\"ListItem\",\"position\":2,\"name\":\"Subrogaci\u00f3n para\"}]},{\"@type\":\"WebSite\",\"@id\":\"https:\\\/\\\/surrogacy.global\\\/#website\",\"url\":\"https:\\\/\\\/surrogacy.global\\\/\",\"name\":\"GS Consulting\",\"description\":\"\",\"publisher\":{\"@id\":\"https:\\\/\\\/surrogacy.global\\\/#organization\"},\"potentialAction\":[{\"@type\":\"SearchAction\",\"target\":{\"@type\":\"EntryPoint\",\"urlTemplate\":\"https:\\\/\\\/surrogacy.global\\\/?s={search_term_string}\"},\"query-input\":{\"@type\":\"PropertyValueSpecification\",\"valueRequired\":true,\"valueName\":\"search_term_string\"}}],\"inLanguage\":\"es\"},{\"@type\":\"Organization\",\"@id\":\"https:\\\/\\\/surrogacy.global\\\/#organization\",\"name\":\"GS Consulting\",\"url\":\"https:\\\/\\\/surrogacy.global\\\/\",\"logo\":{\"@type\":\"ImageObject\",\"inLanguage\":\"es\",\"@id\":\"https:\\\/\\\/surrogacy.global\\\/#\\\/schema\\\/logo\\\/image\\\/\",\"url\":\"https:\\\/\\\/surrogacy.global\\\/wp-content\\\/uploads\\\/2024\\\/02\\\/GS-Consulting.png\",\"contentUrl\":\"https:\\\/\\\/surrogacy.global\\\/wp-content\\\/uploads\\\/2024\\\/02\\\/GS-Consulting.png\",\"width\":1000,\"height\":800,\"caption\":\"GS Consulting\"},\"image\":{\"@id\":\"https:\\\/\\\/surrogacy.global\\\/#\\\/schema\\\/logo\\\/image\\\/\"},\"sameAs\":[\"https:\\\/\\\/www.facebook.com\\\/GSconsultingsurrogacy\"]}]}<\/script>\n<!-- \/ Yoast SEO plugin. -->","yoast_head_json":{"title":"Subrogaci\u00f3n para - GS Consulting","robots":{"index":"index","follow":"follow","max-snippet":"max-snippet:-1","max-image-preview":"max-image-preview:large","max-video-preview":"max-video-preview:-1"},"canonical":"https:\/\/surrogacy.global\/es\/surrogacy-for\/","og_locale":"es_ES","og_type":"article","og_title":"Subrogaci\u00f3n para - GS Consulting","og_description":"Subrogaci\u00f3n para Subrogaci\u00f3n para parejas heterosexuales La gestaci\u00f3n subrogada es un maravilloso proceso de planificaci\u00f3n familiar que permite a las personas o parejas tener un hijo cuando no pueden concebir por s\u00ed mismas, un grupo que Gestaci\u00f3n subrogada para padres homosexuales Aunque la subrogaci\u00f3n gestacional requiere una s\u00f3lida experiencia legal y m\u00e9dica, es la mejor","og_url":"https:\/\/surrogacy.global\/es\/surrogacy-for\/","og_site_name":"GS Consulting","article_publisher":"https:\/\/www.facebook.com\/GSconsultingsurrogacy","article_modified_time":"2025-04-22T09:46:16+00:00","og_image":[{"url":"https:\/\/surrogacy.global\/wp-content\/uploads\/2022\/06\/gay-parents-scaled.jpeg","type":"","width":"","height":""}],"twitter_card":"summary_large_image","twitter_misc":{"Tiempo de lectura":"2 minutos"},"schema":{"@context":"https:\/\/schema.org","@graph":[{"@type":"WebPage","@id":"https:\/\/surrogacy.global\/es\/surrogacy-for\/","url":"https:\/\/surrogacy.global\/es\/surrogacy-for\/","name":"Subrogaci\u00f3n para - GS Consulting","isPartOf":{"@id":"https:\/\/surrogacy.global\/#website"},"primaryImageOfPage":{"@id":"https:\/\/surrogacy.global\/es\/surrogacy-for\/#primaryimage"},"image":{"@id":"https:\/\/surrogacy.global\/es\/surrogacy-for\/#primaryimage"},"thumbnailUrl":"https:\/\/surrogacy.global\/wp-content\/uploads\/2022\/06\/gay-parents-scaled.jpeg","datePublished":"2025-04-22T09:30:10+00:00","dateModified":"2025-04-22T09:46:16+00:00","breadcrumb":{"@id":"https:\/\/surrogacy.global\/es\/surrogacy-for\/#breadcrumb"},"inLanguage":"es","potentialAction":[{"@type":"ReadAction","target":["https:\/\/surrogacy.global\/es\/surrogacy-for\/"]}]},{"@type":"ImageObject","inLanguage":"es","@id":"https:\/\/surrogacy.global\/es\/surrogacy-for\/#primaryimage","url":"https:\/\/surrogacy.global\/wp-content\/uploads\/2022\/06\/gay-parents-scaled.jpeg","contentUrl":"https:\/\/surrogacy.global\/wp-content\/uploads\/2022\/06\/gay-parents-scaled.jpeg"},{"@type":"BreadcrumbList","@id":"https:\/\/surrogacy.global\/es\/surrogacy-for\/#breadcrumb","itemListElement":[{"@type":"ListItem","position":1,"name":"Home","item":"https:\/\/surrogacy.global\/"},{"@type":"ListItem","position":2,"name":"Subrogaci\u00f3n para"}]},{"@type":"WebSite","@id":"https:\/\/surrogacy.global\/#website","url":"https:\/\/surrogacy.global\/","name":"GS Consulting","description":"","publisher":{"@id":"https:\/\/surrogacy.global\/#organization"},"potentialAction":[{"@type":"SearchAction","target":{"@type":"EntryPoint","urlTemplate":"https:\/\/surrogacy.global\/?s={search_term_string}"},"query-input":{"@type":"PropertyValueSpecification","valueRequired":true,"valueName":"search_term_string"}}],"inLanguage":"es"},{"@type":"Organization","@id":"https:\/\/surrogacy.global\/#organization","name":"GS Consulting","url":"https:\/\/surrogacy.global\/","logo":{"@type":"ImageObject","inLanguage":"es","@id":"https:\/\/surrogacy.global\/#\/schema\/logo\/image\/","url":"https:\/\/surrogacy.global\/wp-content\/uploads\/2024\/02\/GS-Consulting.png","contentUrl":"https:\/\/surrogacy.global\/wp-content\/uploads\/2024\/02\/GS-Consulting.png","width":1000,"height":800,"caption":"GS Consulting"},"image":{"@id":"https:\/\/surrogacy.global\/#\/schema\/logo\/image\/"},"sameAs":["https:\/\/www.facebook.com\/GSconsultingsurrogacy"]}]}},"_links":{"self":[{"href":"https:\/\/surrogacy.global\/es\/wp-json\/wp\/v2\/pages\/12076","targetHints":{"allow":["GET"]}}],"collection":[{"href":"https:\/\/surrogacy.global\/es\/wp-json\/wp\/v2\/pages"}],"about":[{"href":"https:\/\/surrogacy.global\/es\/wp-json\/wp\/v2\/types\/page"}],"author":[{"embeddable":true,"href":"https:\/\/surrogacy.global\/es\/wp-json\/wp\/v2\/users\/2"}],"replies":[{"embeddable":true,"href":"https:\/\/surrogacy.global\/es\/wp-json\/wp\/v2\/comments?post=12076"}],"version-history":[{"count":0,"href":"https:\/\/surrogacy.global\/es\/wp-json\/wp\/v2\/pages\/12076\/revisions"}],"wp:attachment":[{"href":"https:\/\/surrogacy.global\/es\/wp-json\/wp\/v2\/media?parent=12076"}],"curies":[{"name":"wp","href":"https:\/\/api.w.org\/{rel}","templated":true}]}}