{"id":8215,"date":"2022-06-06T13:48:05","date_gmt":"2022-06-06T09:48:05","guid":{"rendered":"https:\/\/surrogacy.global\/?page_id=8215"},"modified":"2024-12-03T19:36:53","modified_gmt":"2024-12-03T15:36:53","slug":"sobre-gs-consulting","status":"publish","type":"page","link":"https:\/\/surrogacy.global\/es\/sobre-gs-consulting\/","title":{"rendered":"Sobre GS Consulting"},"content":{"rendered":"<p><span style=\"color: #232323;\">En GS Consulting, reunimos a profesionales con la misi\u00f3n de hacer que la subrogaci\u00f3n y la donaci\u00f3n sean accesibles para personas de todo el mundo. Cuando fund\u00e9 esta organizaci\u00f3n, mi objetivo era crear caminos sin obst\u00e1culos para los futuros padres, ofreciendo un servicio \u00fanico, transparente y accesible. Para simplificar el proceso de toma de decisiones, implementamos una pol\u00edtica de costos fijos que incluye un plan de seguro en todos nuestros programas de subrogaci\u00f3n, brindando tranquilidad a quienes servimos.<\/span><\/p>\n<p><span style=\"color: #232323;\"><img fetchpriority=\"high\" decoding=\"async\" class=\"size-medium wp-image-9254 alignleft\" src=\"https:\/\/surrogacy.global\/wp-content\/uploads\/2024\/02\/GS-Consulting-300x240.png\" alt=\"\" width=\"300\" height=\"240\" srcset=\"https:\/\/surrogacy.global\/wp-content\/uploads\/2024\/02\/GS-Consulting-300x240.png 300w, https:\/\/surrogacy.global\/wp-content\/uploads\/2024\/02\/GS-Consulting-768x614.png 768w, https:\/\/surrogacy.global\/wp-content\/uploads\/2024\/02\/GS-Consulting-900x720.png 900w, https:\/\/surrogacy.global\/wp-content\/uploads\/2024\/02\/GS-Consulting.png 1000w\" sizes=\"(max-width: 300px) 100vw, 300px\" \/>Mi visi\u00f3n era crear una consultora de subrogaci\u00f3n donde la informaci\u00f3n esencial sea clara y est\u00e9 f\u00e1cilmente disponible para todos los clientes. Sin embargo, entiendo los desaf\u00edos de depositar confianza en otros, ceder el control de un proceso tan significativo y la vulnerabilidad que experimentan quienes enfrentan dificultades para concebir. Por eso, convert\u00ed mis sue\u00f1os en acci\u00f3n.<\/span><\/p>\n<p><span style=\"color: #232323;\">Con m\u00e1s de 15 a\u00f1os en el sector de la salud, valoro los est\u00e1ndares \u00e9ticos y el cuidado que cada futuro padre merece. Nos esforzamos por estar presentes y afrontar los desaf\u00edos juntos, con un profundo entendimiento de la sensibilidad que rodea las dificultades de infertilidad. Adem\u00e1s, tenemos una firme convicci\u00f3n en reconocer y proteger los derechos de las gestantes subrogadas: las extraordinarias mujeres que se unen a este viaje. Su autonom\u00eda corporal, capacidad de tomar decisiones y compromiso para ayudar a otros deben ser respetados y protegidos.<\/span><\/p>\n<p><span style=\"color: #232323;\">Hoy me enorgullece liderar una empresa que ofrece respuestas para tu camino, respaldada por un equipo dedicado de expertos en todo el mundo que est\u00e1n aqu\u00ed para ayudarte. En este sentido, quiero expresar mi gratitud a todos los futuros padres que han depositado su confianza en nosotros, as\u00ed como a mi excepcional equipo por estar disponibles las 24 horas, los 7 d\u00edas de la semana. Juntos enfrentamos todos los desaf\u00edos que surgen en el camino.<\/span><\/p>\n<p style=\"text-align: right;\"><span style=\"color: #232323;\"><em><strong>Tamari Kachlishvili MD. MPH, fundadora y CEO de GC Consulting<\/strong><\/em><\/span><\/p>\n","protected":false},"excerpt":{"rendered":"<p>En GS Consulting, reunimos a profesionales con la misi\u00f3n de hacer que la subrogaci\u00f3n y la donaci\u00f3n sean accesibles para personas de todo el mundo. Cuando fund\u00e9 esta organizaci\u00f3n, mi objetivo era crear caminos sin obst\u00e1culos para los futuros padres, ofreciendo un servicio \u00fanico, transparente y accesible. Para simplificar el proceso de toma de decisiones,<\/p>\n","protected":false},"author":2,"featured_media":0,"parent":0,"menu_order":0,"comment_status":"closed","ping_status":"closed","template":"","meta":{"footnotes":""},"class_list":["post-8215","page","type-page","status-publish","hentry"],"yoast_head":"<!-- This site is optimized with the Yoast SEO plugin v27.3 - https:\/\/yoast.com\/product\/yoast-seo-wordpress\/ -->\n<title>Sobre GS Consulting - GS Consulting<\/title>\n<meta name=\"robots\" content=\"index, follow, max-snippet:-1, max-image-preview:large, max-video-preview:-1\" \/>\n<link rel=\"canonical\" href=\"https:\/\/surrogacy.global\/es\/sobre-gs-consulting\/\" \/>\n<meta property=\"og:locale\" content=\"es_ES\" \/>\n<meta property=\"og:type\" content=\"article\" \/>\n<meta property=\"og:title\" content=\"Sobre GS Consulting - GS Consulting\" \/>\n<meta property=\"og:description\" content=\"En GS Consulting, reunimos a profesionales con la misi\u00f3n de hacer que la subrogaci\u00f3n y la donaci\u00f3n sean accesibles para personas de todo el mundo. Cuando fund\u00e9 esta organizaci\u00f3n, mi objetivo era crear caminos sin obst\u00e1culos para los futuros padres, ofreciendo un servicio \u00fanico, transparente y accesible. Para simplificar el proceso de toma de decisiones,\" \/>\n<meta property=\"og:url\" content=\"https:\/\/surrogacy.global\/es\/sobre-gs-consulting\/\" \/>\n<meta property=\"og:site_name\" content=\"GS Consulting\" \/>\n<meta property=\"article:publisher\" content=\"https:\/\/www.facebook.com\/GSconsultingsurrogacy\" \/>\n<meta property=\"article:modified_time\" content=\"2024-12-03T15:36:53+00:00\" \/>\n<meta property=\"og:image\" content=\"https:\/\/surrogacy.global\/wp-content\/uploads\/2024\/02\/GS-Consulting.png\" \/>\n\t<meta property=\"og:image:width\" content=\"1000\" \/>\n\t<meta property=\"og:image:height\" content=\"800\" \/>\n\t<meta property=\"og:image:type\" content=\"image\/png\" \/>\n<meta name=\"twitter:card\" content=\"summary_large_image\" \/>\n<meta name=\"twitter:label1\" content=\"Tiempo de lectura\" \/>\n\t<meta name=\"twitter:data1\" content=\"2 minutos\" \/>\n<script type=\"application\/ld+json\" class=\"yoast-schema-graph\">{\"@context\":\"https:\\\/\\\/schema.org\",\"@graph\":[{\"@type\":\"WebPage\",\"@id\":\"https:\\\/\\\/surrogacy.global\\\/es\\\/sobre-gs-consulting\\\/\",\"url\":\"https:\\\/\\\/surrogacy.global\\\/es\\\/sobre-gs-consulting\\\/\",\"name\":\"Sobre GS Consulting - GS Consulting\",\"isPartOf\":{\"@id\":\"https:\\\/\\\/surrogacy.global\\\/#website\"},\"primaryImageOfPage\":{\"@id\":\"https:\\\/\\\/surrogacy.global\\\/es\\\/sobre-gs-consulting\\\/#primaryimage\"},\"image\":{\"@id\":\"https:\\\/\\\/surrogacy.global\\\/es\\\/sobre-gs-consulting\\\/#primaryimage\"},\"thumbnailUrl\":\"https:\\\/\\\/surrogacy.global\\\/wp-content\\\/uploads\\\/2024\\\/02\\\/GS-Consulting-300x240.png\",\"datePublished\":\"2022-06-06T09:48:05+00:00\",\"dateModified\":\"2024-12-03T15:36:53+00:00\",\"breadcrumb\":{\"@id\":\"https:\\\/\\\/surrogacy.global\\\/es\\\/sobre-gs-consulting\\\/#breadcrumb\"},\"inLanguage\":\"es\",\"potentialAction\":[{\"@type\":\"ReadAction\",\"target\":[\"https:\\\/\\\/surrogacy.global\\\/es\\\/sobre-gs-consulting\\\/\"]}]},{\"@type\":\"ImageObject\",\"inLanguage\":\"es\",\"@id\":\"https:\\\/\\\/surrogacy.global\\\/es\\\/sobre-gs-consulting\\\/#primaryimage\",\"url\":\"https:\\\/\\\/surrogacy.global\\\/wp-content\\\/uploads\\\/2024\\\/02\\\/GS-Consulting-300x240.png\",\"contentUrl\":\"https:\\\/\\\/surrogacy.global\\\/wp-content\\\/uploads\\\/2024\\\/02\\\/GS-Consulting-300x240.png\"},{\"@type\":\"BreadcrumbList\",\"@id\":\"https:\\\/\\\/surrogacy.global\\\/es\\\/sobre-gs-consulting\\\/#breadcrumb\",\"itemListElement\":[{\"@type\":\"ListItem\",\"position\":1,\"name\":\"Home\",\"item\":\"https:\\\/\\\/surrogacy.global\\\/\"},{\"@type\":\"ListItem\",\"position\":2,\"name\":\"Sobre GS Consulting\"}]},{\"@type\":\"WebSite\",\"@id\":\"https:\\\/\\\/surrogacy.global\\\/#website\",\"url\":\"https:\\\/\\\/surrogacy.global\\\/\",\"name\":\"GS Consulting\",\"description\":\"\",\"publisher\":{\"@id\":\"https:\\\/\\\/surrogacy.global\\\/#organization\"},\"potentialAction\":[{\"@type\":\"SearchAction\",\"target\":{\"@type\":\"EntryPoint\",\"urlTemplate\":\"https:\\\/\\\/surrogacy.global\\\/?s={search_term_string}\"},\"query-input\":{\"@type\":\"PropertyValueSpecification\",\"valueRequired\":true,\"valueName\":\"search_term_string\"}}],\"inLanguage\":\"es\"},{\"@type\":\"Organization\",\"@id\":\"https:\\\/\\\/surrogacy.global\\\/#organization\",\"name\":\"GS Consulting\",\"url\":\"https:\\\/\\\/surrogacy.global\\\/\",\"logo\":{\"@type\":\"ImageObject\",\"inLanguage\":\"es\",\"@id\":\"https:\\\/\\\/surrogacy.global\\\/#\\\/schema\\\/logo\\\/image\\\/\",\"url\":\"https:\\\/\\\/surrogacy.global\\\/wp-content\\\/uploads\\\/2024\\\/02\\\/GS-Consulting.png\",\"contentUrl\":\"https:\\\/\\\/surrogacy.global\\\/wp-content\\\/uploads\\\/2024\\\/02\\\/GS-Consulting.png\",\"width\":1000,\"height\":800,\"caption\":\"GS Consulting\"},\"image\":{\"@id\":\"https:\\\/\\\/surrogacy.global\\\/#\\\/schema\\\/logo\\\/image\\\/\"},\"sameAs\":[\"https:\\\/\\\/www.facebook.com\\\/GSconsultingsurrogacy\"]}]}<\/script>\n<!-- \/ Yoast SEO plugin. -->","yoast_head_json":{"title":"Sobre GS Consulting - GS Consulting","robots":{"index":"index","follow":"follow","max-snippet":"max-snippet:-1","max-image-preview":"max-image-preview:large","max-video-preview":"max-video-preview:-1"},"canonical":"https:\/\/surrogacy.global\/es\/sobre-gs-consulting\/","og_locale":"es_ES","og_type":"article","og_title":"Sobre GS Consulting - GS Consulting","og_description":"En GS Consulting, reunimos a profesionales con la misi\u00f3n de hacer que la subrogaci\u00f3n y la donaci\u00f3n sean accesibles para personas de todo el mundo. Cuando fund\u00e9 esta organizaci\u00f3n, mi objetivo era crear caminos sin obst\u00e1culos para los futuros padres, ofreciendo un servicio \u00fanico, transparente y accesible. Para simplificar el proceso de toma de decisiones,","og_url":"https:\/\/surrogacy.global\/es\/sobre-gs-consulting\/","og_site_name":"GS Consulting","article_publisher":"https:\/\/www.facebook.com\/GSconsultingsurrogacy","article_modified_time":"2024-12-03T15:36:53+00:00","og_image":[{"width":1000,"height":800,"url":"https:\/\/surrogacy.global\/wp-content\/uploads\/2024\/02\/GS-Consulting.png","type":"image\/png"}],"twitter_card":"summary_large_image","twitter_misc":{"Tiempo de lectura":"2 minutos"},"schema":{"@context":"https:\/\/schema.org","@graph":[{"@type":"WebPage","@id":"https:\/\/surrogacy.global\/es\/sobre-gs-consulting\/","url":"https:\/\/surrogacy.global\/es\/sobre-gs-consulting\/","name":"Sobre GS Consulting - GS Consulting","isPartOf":{"@id":"https:\/\/surrogacy.global\/#website"},"primaryImageOfPage":{"@id":"https:\/\/surrogacy.global\/es\/sobre-gs-consulting\/#primaryimage"},"image":{"@id":"https:\/\/surrogacy.global\/es\/sobre-gs-consulting\/#primaryimage"},"thumbnailUrl":"https:\/\/surrogacy.global\/wp-content\/uploads\/2024\/02\/GS-Consulting-300x240.png","datePublished":"2022-06-06T09:48:05+00:00","dateModified":"2024-12-03T15:36:53+00:00","breadcrumb":{"@id":"https:\/\/surrogacy.global\/es\/sobre-gs-consulting\/#breadcrumb"},"inLanguage":"es","potentialAction":[{"@type":"ReadAction","target":["https:\/\/surrogacy.global\/es\/sobre-gs-consulting\/"]}]},{"@type":"ImageObject","inLanguage":"es","@id":"https:\/\/surrogacy.global\/es\/sobre-gs-consulting\/#primaryimage","url":"https:\/\/surrogacy.global\/wp-content\/uploads\/2024\/02\/GS-Consulting-300x240.png","contentUrl":"https:\/\/surrogacy.global\/wp-content\/uploads\/2024\/02\/GS-Consulting-300x240.png"},{"@type":"BreadcrumbList","@id":"https:\/\/surrogacy.global\/es\/sobre-gs-consulting\/#breadcrumb","itemListElement":[{"@type":"ListItem","position":1,"name":"Home","item":"https:\/\/surrogacy.global\/"},{"@type":"ListItem","position":2,"name":"Sobre GS Consulting"}]},{"@type":"WebSite","@id":"https:\/\/surrogacy.global\/#website","url":"https:\/\/surrogacy.global\/","name":"GS Consulting","description":"","publisher":{"@id":"https:\/\/surrogacy.global\/#organization"},"potentialAction":[{"@type":"SearchAction","target":{"@type":"EntryPoint","urlTemplate":"https:\/\/surrogacy.global\/?s={search_term_string}"},"query-input":{"@type":"PropertyValueSpecification","valueRequired":true,"valueName":"search_term_string"}}],"inLanguage":"es"},{"@type":"Organization","@id":"https:\/\/surrogacy.global\/#organization","name":"GS Consulting","url":"https:\/\/surrogacy.global\/","logo":{"@type":"ImageObject","inLanguage":"es","@id":"https:\/\/surrogacy.global\/#\/schema\/logo\/image\/","url":"https:\/\/surrogacy.global\/wp-content\/uploads\/2024\/02\/GS-Consulting.png","contentUrl":"https:\/\/surrogacy.global\/wp-content\/uploads\/2024\/02\/GS-Consulting.png","width":1000,"height":800,"caption":"GS Consulting"},"image":{"@id":"https:\/\/surrogacy.global\/#\/schema\/logo\/image\/"},"sameAs":["https:\/\/www.facebook.com\/GSconsultingsurrogacy"]}]}},"_links":{"self":[{"href":"https:\/\/surrogacy.global\/es\/wp-json\/wp\/v2\/pages\/8215","targetHints":{"allow":["GET"]}}],"collection":[{"href":"https:\/\/surrogacy.global\/es\/wp-json\/wp\/v2\/pages"}],"about":[{"href":"https:\/\/surrogacy.global\/es\/wp-json\/wp\/v2\/types\/page"}],"author":[{"embeddable":true,"href":"https:\/\/surrogacy.global\/es\/wp-json\/wp\/v2\/users\/2"}],"replies":[{"embeddable":true,"href":"https:\/\/surrogacy.global\/es\/wp-json\/wp\/v2\/comments?post=8215"}],"version-history":[{"count":0,"href":"https:\/\/surrogacy.global\/es\/wp-json\/wp\/v2\/pages\/8215\/revisions"}],"wp:attachment":[{"href":"https:\/\/surrogacy.global\/es\/wp-json\/wp\/v2\/media?parent=8215"}],"curies":[{"name":"wp","href":"https:\/\/api.w.org\/{rel}","templated":true}]}}