{"id":8241,"date":"2022-06-06T14:12:05","date_gmt":"2022-06-06T10:12:05","guid":{"rendered":"https:\/\/surrogacy.global\/?page_id=8241"},"modified":"2025-02-07T23:04:05","modified_gmt":"2025-02-07T19:04:05","slug":"georgia","status":"publish","type":"page","link":"https:\/\/surrogacy.global\/es\/georgia\/","title":{"rendered":"Georgia"},"content":{"rendered":"\t\t<div data-elementor-type=\"wp-page\" data-elementor-id=\"8241\" class=\"elementor elementor-8241 elementor-7915\" data-elementor-post-type=\"page\">\n\t\t\t\t<div class=\"elementor-element elementor-element-2224d06a e-flex e-con-boxed e-con e-parent\" data-id=\"2224d06a\" data-element_type=\"container\" data-e-type=\"container\">\n\t\t\t\t\t<div class=\"e-con-inner\">\n\t\t\t\t<div class=\"elementor-element elementor-element-2509579b elementor-widget elementor-widget-text-editor\" data-id=\"2509579b\" data-element_type=\"widget\" data-e-type=\"widget\" data-widget_type=\"text-editor.default\">\n\t\t\t\t<div class=\"elementor-widget-container\">\n\t\t\t\t\t\t\t\t\t<figure id=\"attachment_8188\" aria-describedby=\"caption-attachment-8188\" style=\"width: 500px\" class=\"wp-caption alignright\"><img fetchpriority=\"high\" decoding=\"async\" class=\"wp-image-8188\" src=\"https:\/\/surrogacy.global\/wp-content\/uploads\/2022\/06\/Georgia-1024x683.jpg\" alt=\"\" width=\"500\" height=\"333\" srcset=\"https:\/\/surrogacy.global\/wp-content\/uploads\/2022\/06\/Georgia-1024x683.jpg 1024w, https:\/\/surrogacy.global\/wp-content\/uploads\/2022\/06\/Georgia-300x200.jpg 300w, https:\/\/surrogacy.global\/wp-content\/uploads\/2022\/06\/Georgia-768x512.jpg 768w, https:\/\/surrogacy.global\/wp-content\/uploads\/2022\/06\/Georgia-1536x1024.jpg 1536w, https:\/\/surrogacy.global\/wp-content\/uploads\/2022\/06\/Georgia-2048x1365.jpg 2048w, https:\/\/surrogacy.global\/wp-content\/uploads\/2022\/06\/Georgia-900x600.jpg 900w, https:\/\/surrogacy.global\/wp-content\/uploads\/2022\/06\/Georgia-scaled.jpg 1920w\" sizes=\"(max-width: 500px) 100vw, 500px\" \/><figcaption id=\"caption-attachment-8188\" class=\"wp-caption-text\"><\/span> <span style=\"color: #232323;\">Abanotubani is the ancient district of Tbilisi, Georgia, known for its sulfuric baths. Abanotubani is located at the bank of the Mtkvari (Kura) River.<\/span><\/figcaption><\/figure>\n<p><span style=\"color: #232323;\">Programas disponibles<\/span><\/p>\n<ul>\n<li><span style=\"color: #232323;\">Subrogaci\u00f3n por donaci\u00f3n de \u00f3vulos<\/span><\/li>\n<li><span style=\"color: #232323;\">Subrogaci\u00f3n por \u00f3vulos propios<\/span><\/li>\n<li><span style=\"color: #232323;\">Subrogaci\u00f3n por env\u00edo de embriones congelados<\/span><\/li>\n<li><span style=\"color: #232323;\">Subrogaci\u00f3n por donaci\u00f3n de \u00f3vulos en vivo<\/span><\/li>\n<li><span style=\"color: #232323;\">Subrogaci\u00f3n de doble corrida<\/span><\/li>\n<li><span style=\"color: #232323;\">Paciente con VIH posible pero tiene un cargo extra<\/span><\/li>\n<\/ul>\n<p><span style=\"color: #232323;\">Marco legal<\/span><\/p>\n<ul>\n<li><span style=\"color: #232323;\">Mientras que la gestaci\u00f3n subrogada para extranjeros en Europa est\u00e1 prohibida en muchos pa\u00edses, Georgia tiene un proceso bien organizado con disposiciones legislativas primarias en vigor desde 1997.<\/span><\/li>\n<li><span style=\"color: #232323;\">La legislaci\u00f3n georgiana proh\u00edbe que la madre de alquiler inscriba al beb\u00e9 en su nombre. S\u00f3lo se permite inscribir a los padres intencionales en los certificados de nacimiento.<\/span><\/li>\n<li><span style=\"color: #232323;\">Los nuevos padres pueden asegurarse un alivio psicol\u00f3gico y una tranquilidad al obtener el certificado de nacimiento en un plazo de 10 a 15 d\u00edas.<\/span><\/li>\n<li><span style=\"color: #232323;\">La madre de alquiler debe, seg\u00fan la ley, seguir todas las instrucciones m\u00e9dicas dadas por el personal m\u00e9dico. Las madres de alquiler deben tener al menos un hijo propio.<\/span><\/li>\n<li><span style=\"color: #232323;\">Uno de los progenitores debe estar vinculado biol\u00f3gicamente al embri\u00f3n para realizar la subrogaci\u00f3n.<\/span><\/li>\n<\/ul>\n<p><span style=\"color: #232323;\">Elegibilidad<\/span><\/p>\n<ul>\n<li><span style=\"color: #232323;\">Parejas heterosexuales casadas y no casadas, que est\u00e9n en matrimonio o en una relaci\u00f3n al menos un a\u00f1o antes de iniciar el viaje.<\/span><\/li>\n<li><span style=\"color: #232323;\">Se solicita indicaci\u00f3n m\u00e9dica para la donaci\u00f3n de \u00f3vulos y la gestaci\u00f3n subrogada<\/span><\/li>\n<\/ul>\n<p><span style=\"color: #232323;\">Certificado de nacimiento<\/span><\/p>\n<ul>\n<li><span style=\"color: #232323;\">Se emite en 10-15 d\u00edas y se indican los nombres de los futuros padres<\/span><\/li>\n<\/ul>\n<p><span style=\"color: #232323;\">Plazos del procedimiento de salida<\/span><\/p>\n<ul>\n<li><span style=\"color: #232323;\">El procedimiento de salida depende de cada embajada y del pa\u00eds de residencia de los padres. Aproximadamente hasta 6 semanas desde el parto hasta el pasaporte del beb\u00e9<\/span><\/li>\n<li><span style=\"color: #232323;\">En base a la normativa georgiana no se concede al beb\u00e9 el pasaporte o la ciudadan\u00eda georgiana, a menos que el pa\u00eds de origen se niegue a conceder al ni\u00f1o la ciudadan\u00eda\/pasaporte<\/span><\/li>\n<\/ul>\n<p><span style=\"color: #232323;\">Donaci\u00f3n de \u00f3vulos (an\u00f3nima\/no an\u00f3nima)<\/span><\/p>\n<ul>\n<li><span style=\"color: #232323;\">An\u00f3nima, los padres no conocen el nombre ni el apellido de la donante de \u00f3vulos, pero pueden ver las fotos de adultos disponibles en sus perfiles.<\/span><\/li>\n<\/ul>\n<p><span style=\"color: #232323;\">Periodo de emparejamiento de la madre de alquiler<\/span><\/p>\n<ul>\n<li><span style=\"color: #232323;\">De 3 a 5 meses<\/span><\/li>\n<\/ul>\n<p><span style=\"color: #232323;\">Seguro<\/span><\/p>\n<ul>\n<li><span style=\"color: #232323;\">A partir de 2022 est\u00e1 disponible en el pa\u00eds el seguro para vientres de alquiler y beb\u00e9s nacidos por gestaci\u00f3n subrogada<\/span><\/li>\n<\/ul>\n<p><span style=\"color: #232323;\">Consejos \u00fatiles (Preguntas que hay que hacer antes de empezar)<\/span><\/p>\n<ul>\n<li><span style=\"color: #232323;\">\u00bfCu\u00e1les son las tasas de \u00e9xito?<\/span><\/li>\n<li><span style=\"color: #232323;\">\u00bfEn qu\u00e9 medida est\u00e1 regulada la ley?<\/span><\/li>\n<li><span style=\"color: #232323;\">\u00bfEl equipo m\u00e9dico es multiling\u00fce?<\/span><\/li>\n<li><span style=\"color: #232323;\">\u00bfEs seguro el destino?<\/span><\/li>\n<li><span style=\"color: #232323;\">\u00bfEs asequible?<\/span><\/li>\n<li><span style=\"color: #232323;\">\u00bfQu\u00e9 nos cuentan los PI?<\/span><\/li>\n<li><span style=\"color: #232323;\">\u00bfQu\u00e9 embajadas hay en Tiflis?<\/span><\/li>\n<li><span style=\"color: #232323;\">\u00bfSe concede el pasaporte georgiano?<\/span><\/li>\n<\/ul>\n<div id=\"gtx-trans\" style=\"position: absolute; left: -29px; top: 545px;\">\n<div class=\"gtx-trans-icon\">\u00a0<\/div>\n<\/div>\n\t\t\t\t\t\t\t\t<\/div>\n\t\t\t\t<\/div>\n\t\t\t\t\t<\/div>\n\t\t\t\t<\/div>\n\t\t\t\t<\/div>\n\t\t","protected":false},"excerpt":{"rendered":"<p>Programas disponibles Subrogaci\u00f3n por donaci\u00f3n de \u00f3vulos Subrogaci\u00f3n por \u00f3vulos propios Subrogaci\u00f3n por env\u00edo de embriones congelados Subrogaci\u00f3n por donaci\u00f3n de \u00f3vulos en vivo Subrogaci\u00f3n de doble corrida Paciente con VIH posible pero tiene un cargo extra Marco legal Mientras que la gestaci\u00f3n subrogada para extranjeros en Europa est\u00e1 prohibida en muchos pa\u00edses, Georgia tiene<\/p>\n","protected":false},"author":2,"featured_media":11393,"parent":0,"menu_order":0,"comment_status":"closed","ping_status":"closed","template":"","meta":{"footnotes":""},"class_list":["post-8241","page","type-page","status-publish","has-post-thumbnail","hentry"],"yoast_head":"<!-- This site is optimized with the Yoast SEO plugin v27.4 - https:\/\/yoast.com\/product\/yoast-seo-wordpress\/ -->\n<title>Georgia - GS Consulting<\/title>\n<meta name=\"robots\" content=\"index, follow, max-snippet:-1, max-image-preview:large, max-video-preview:-1\" \/>\n<link rel=\"canonical\" href=\"https:\/\/surrogacy.global\/surrogacy-in-georgia\/\" \/>\n<meta property=\"og:locale\" content=\"es_ES\" \/>\n<meta property=\"og:type\" content=\"article\" \/>\n<meta property=\"og:title\" content=\"Georgia - GS Consulting\" \/>\n<meta property=\"og:description\" content=\"Programas disponibles Subrogaci\u00f3n por donaci\u00f3n de \u00f3vulos Subrogaci\u00f3n por \u00f3vulos propios Subrogaci\u00f3n por env\u00edo de embriones congelados Subrogaci\u00f3n por donaci\u00f3n de \u00f3vulos en vivo Subrogaci\u00f3n de doble corrida Paciente con VIH posible pero tiene un cargo extra Marco legal Mientras que la gestaci\u00f3n subrogada para extranjeros en Europa est\u00e1 prohibida en muchos pa\u00edses, Georgia tiene\" \/>\n<meta property=\"og:url\" content=\"https:\/\/surrogacy.global\/surrogacy-in-georgia\/\" \/>\n<meta property=\"og:site_name\" content=\"GS Consulting\" \/>\n<meta property=\"article:publisher\" content=\"https:\/\/www.facebook.com\/GSconsultingsurrogacy\" \/>\n<meta property=\"article:modified_time\" content=\"2025-02-07T19:04:05+00:00\" \/>\n<meta property=\"og:image\" content=\"https:\/\/surrogacy.global\/wp-content\/uploads\/2025\/02\/87-min.jpg\" \/>\n\t<meta property=\"og:image:width\" content=\"1920\" \/>\n\t<meta property=\"og:image:height\" content=\"1280\" \/>\n\t<meta property=\"og:image:type\" content=\"image\/jpeg\" \/>\n<meta name=\"twitter:card\" content=\"summary_large_image\" \/>\n<meta name=\"twitter:label1\" content=\"Tiempo de lectura\" \/>\n\t<meta name=\"twitter:data1\" content=\"3 minutos\" \/>\n<script type=\"application\/ld+json\" class=\"yoast-schema-graph\">{\"@context\":\"https:\\\/\\\/schema.org\",\"@graph\":[{\"@type\":\"WebPage\",\"@id\":\"https:\\\/\\\/surrogacy.global\\\/surrogacy-in-georgia\\\/\",\"url\":\"https:\\\/\\\/surrogacy.global\\\/surrogacy-in-georgia\\\/\",\"name\":\"Georgia - GS Consulting\",\"isPartOf\":{\"@id\":\"https:\\\/\\\/surrogacy.global\\\/#website\"},\"primaryImageOfPage\":{\"@id\":\"https:\\\/\\\/surrogacy.global\\\/surrogacy-in-georgia\\\/#primaryimage\"},\"image\":{\"@id\":\"https:\\\/\\\/surrogacy.global\\\/surrogacy-in-georgia\\\/#primaryimage\"},\"thumbnailUrl\":\"https:\\\/\\\/surrogacy.global\\\/wp-content\\\/uploads\\\/2025\\\/02\\\/87-min.jpg\",\"datePublished\":\"2022-06-06T10:12:05+00:00\",\"dateModified\":\"2025-02-07T19:04:05+00:00\",\"breadcrumb\":{\"@id\":\"https:\\\/\\\/surrogacy.global\\\/surrogacy-in-georgia\\\/#breadcrumb\"},\"inLanguage\":\"es\",\"potentialAction\":[{\"@type\":\"ReadAction\",\"target\":[\"https:\\\/\\\/surrogacy.global\\\/surrogacy-in-georgia\\\/\"]}]},{\"@type\":\"ImageObject\",\"inLanguage\":\"es\",\"@id\":\"https:\\\/\\\/surrogacy.global\\\/surrogacy-in-georgia\\\/#primaryimage\",\"url\":\"https:\\\/\\\/surrogacy.global\\\/wp-content\\\/uploads\\\/2025\\\/02\\\/87-min.jpg\",\"contentUrl\":\"https:\\\/\\\/surrogacy.global\\\/wp-content\\\/uploads\\\/2025\\\/02\\\/87-min.jpg\",\"width\":1920,\"height\":1280,\"caption\":\"Eligible courtiers for intended parents to engage in surrogacy in Georgia\"},{\"@type\":\"BreadcrumbList\",\"@id\":\"https:\\\/\\\/surrogacy.global\\\/surrogacy-in-georgia\\\/#breadcrumb\",\"itemListElement\":[{\"@type\":\"ListItem\",\"position\":1,\"name\":\"Home\",\"item\":\"https:\\\/\\\/surrogacy.global\\\/\"},{\"@type\":\"ListItem\",\"position\":2,\"name\":\"Georgia\"}]},{\"@type\":\"WebSite\",\"@id\":\"https:\\\/\\\/surrogacy.global\\\/#website\",\"url\":\"https:\\\/\\\/surrogacy.global\\\/\",\"name\":\"GS Consulting\",\"description\":\"\",\"publisher\":{\"@id\":\"https:\\\/\\\/surrogacy.global\\\/#organization\"},\"potentialAction\":[{\"@type\":\"SearchAction\",\"target\":{\"@type\":\"EntryPoint\",\"urlTemplate\":\"https:\\\/\\\/surrogacy.global\\\/?s={search_term_string}\"},\"query-input\":{\"@type\":\"PropertyValueSpecification\",\"valueRequired\":true,\"valueName\":\"search_term_string\"}}],\"inLanguage\":\"es\"},{\"@type\":\"Organization\",\"@id\":\"https:\\\/\\\/surrogacy.global\\\/#organization\",\"name\":\"GS Consulting\",\"url\":\"https:\\\/\\\/surrogacy.global\\\/\",\"logo\":{\"@type\":\"ImageObject\",\"inLanguage\":\"es\",\"@id\":\"https:\\\/\\\/surrogacy.global\\\/#\\\/schema\\\/logo\\\/image\\\/\",\"url\":\"https:\\\/\\\/surrogacy.global\\\/wp-content\\\/uploads\\\/2024\\\/02\\\/GS-Consulting.png\",\"contentUrl\":\"https:\\\/\\\/surrogacy.global\\\/wp-content\\\/uploads\\\/2024\\\/02\\\/GS-Consulting.png\",\"width\":1000,\"height\":800,\"caption\":\"GS Consulting\"},\"image\":{\"@id\":\"https:\\\/\\\/surrogacy.global\\\/#\\\/schema\\\/logo\\\/image\\\/\"},\"sameAs\":[\"https:\\\/\\\/www.facebook.com\\\/GSconsultingsurrogacy\"]}]}<\/script>\n<!-- \/ Yoast SEO plugin. -->","yoast_head_json":{"title":"Georgia - GS Consulting","robots":{"index":"index","follow":"follow","max-snippet":"max-snippet:-1","max-image-preview":"max-image-preview:large","max-video-preview":"max-video-preview:-1"},"canonical":"https:\/\/surrogacy.global\/surrogacy-in-georgia\/","og_locale":"es_ES","og_type":"article","og_title":"Georgia - GS Consulting","og_description":"Programas disponibles Subrogaci\u00f3n por donaci\u00f3n de \u00f3vulos Subrogaci\u00f3n por \u00f3vulos propios Subrogaci\u00f3n por env\u00edo de embriones congelados Subrogaci\u00f3n por donaci\u00f3n de \u00f3vulos en vivo Subrogaci\u00f3n de doble corrida Paciente con VIH posible pero tiene un cargo extra Marco legal Mientras que la gestaci\u00f3n subrogada para extranjeros en Europa est\u00e1 prohibida en muchos pa\u00edses, Georgia tiene","og_url":"https:\/\/surrogacy.global\/surrogacy-in-georgia\/","og_site_name":"GS Consulting","article_publisher":"https:\/\/www.facebook.com\/GSconsultingsurrogacy","article_modified_time":"2025-02-07T19:04:05+00:00","og_image":[{"width":1920,"height":1280,"url":"https:\/\/surrogacy.global\/wp-content\/uploads\/2025\/02\/87-min.jpg","type":"image\/jpeg"}],"twitter_card":"summary_large_image","twitter_misc":{"Tiempo de lectura":"3 minutos"},"schema":{"@context":"https:\/\/schema.org","@graph":[{"@type":"WebPage","@id":"https:\/\/surrogacy.global\/surrogacy-in-georgia\/","url":"https:\/\/surrogacy.global\/surrogacy-in-georgia\/","name":"Georgia - GS Consulting","isPartOf":{"@id":"https:\/\/surrogacy.global\/#website"},"primaryImageOfPage":{"@id":"https:\/\/surrogacy.global\/surrogacy-in-georgia\/#primaryimage"},"image":{"@id":"https:\/\/surrogacy.global\/surrogacy-in-georgia\/#primaryimage"},"thumbnailUrl":"https:\/\/surrogacy.global\/wp-content\/uploads\/2025\/02\/87-min.jpg","datePublished":"2022-06-06T10:12:05+00:00","dateModified":"2025-02-07T19:04:05+00:00","breadcrumb":{"@id":"https:\/\/surrogacy.global\/surrogacy-in-georgia\/#breadcrumb"},"inLanguage":"es","potentialAction":[{"@type":"ReadAction","target":["https:\/\/surrogacy.global\/surrogacy-in-georgia\/"]}]},{"@type":"ImageObject","inLanguage":"es","@id":"https:\/\/surrogacy.global\/surrogacy-in-georgia\/#primaryimage","url":"https:\/\/surrogacy.global\/wp-content\/uploads\/2025\/02\/87-min.jpg","contentUrl":"https:\/\/surrogacy.global\/wp-content\/uploads\/2025\/02\/87-min.jpg","width":1920,"height":1280,"caption":"Eligible courtiers for intended parents to engage in surrogacy in Georgia"},{"@type":"BreadcrumbList","@id":"https:\/\/surrogacy.global\/surrogacy-in-georgia\/#breadcrumb","itemListElement":[{"@type":"ListItem","position":1,"name":"Home","item":"https:\/\/surrogacy.global\/"},{"@type":"ListItem","position":2,"name":"Georgia"}]},{"@type":"WebSite","@id":"https:\/\/surrogacy.global\/#website","url":"https:\/\/surrogacy.global\/","name":"GS Consulting","description":"","publisher":{"@id":"https:\/\/surrogacy.global\/#organization"},"potentialAction":[{"@type":"SearchAction","target":{"@type":"EntryPoint","urlTemplate":"https:\/\/surrogacy.global\/?s={search_term_string}"},"query-input":{"@type":"PropertyValueSpecification","valueRequired":true,"valueName":"search_term_string"}}],"inLanguage":"es"},{"@type":"Organization","@id":"https:\/\/surrogacy.global\/#organization","name":"GS Consulting","url":"https:\/\/surrogacy.global\/","logo":{"@type":"ImageObject","inLanguage":"es","@id":"https:\/\/surrogacy.global\/#\/schema\/logo\/image\/","url":"https:\/\/surrogacy.global\/wp-content\/uploads\/2024\/02\/GS-Consulting.png","contentUrl":"https:\/\/surrogacy.global\/wp-content\/uploads\/2024\/02\/GS-Consulting.png","width":1000,"height":800,"caption":"GS Consulting"},"image":{"@id":"https:\/\/surrogacy.global\/#\/schema\/logo\/image\/"},"sameAs":["https:\/\/www.facebook.com\/GSconsultingsurrogacy"]}]}},"_links":{"self":[{"href":"https:\/\/surrogacy.global\/es\/wp-json\/wp\/v2\/pages\/8241","targetHints":{"allow":["GET"]}}],"collection":[{"href":"https:\/\/surrogacy.global\/es\/wp-json\/wp\/v2\/pages"}],"about":[{"href":"https:\/\/surrogacy.global\/es\/wp-json\/wp\/v2\/types\/page"}],"author":[{"embeddable":true,"href":"https:\/\/surrogacy.global\/es\/wp-json\/wp\/v2\/users\/2"}],"replies":[{"embeddable":true,"href":"https:\/\/surrogacy.global\/es\/wp-json\/wp\/v2\/comments?post=8241"}],"version-history":[{"count":0,"href":"https:\/\/surrogacy.global\/es\/wp-json\/wp\/v2\/pages\/8241\/revisions"}],"wp:featuredmedia":[{"embeddable":true,"href":"https:\/\/surrogacy.global\/es\/wp-json\/wp\/v2\/media\/11393"}],"wp:attachment":[{"href":"https:\/\/surrogacy.global\/es\/wp-json\/wp\/v2\/media?parent=8241"}],"curies":[{"name":"wp","href":"https:\/\/api.w.org\/{rel}","templated":true}]}}