{"id":8253,"date":"2017-02-08T09:48:39","date_gmt":"2017-02-08T05:48:39","guid":{"rendered":"https:\/\/surrogacy.global\/?page_id=8253"},"modified":"2024-11-25T20:56:49","modified_gmt":"2024-11-25T16:56:49","slug":"contact","status":"publish","type":"page","link":"https:\/\/surrogacy.global\/es\/contact\/","title":{"rendered":"Contacto"},"content":{"rendered":"\t\t<div data-elementor-type=\"wp-page\" data-elementor-id=\"8253\" class=\"elementor elementor-8253 elementor-1171\" data-elementor-post-type=\"page\">\n\t\t\t\t\t\t<section class=\"elementor-section elementor-top-section elementor-element elementor-element-ff37069 elementor-section-boxed elementor-section-height-default elementor-section-height-default\" data-id=\"ff37069\" data-element_type=\"section\" data-e-type=\"section\" data-settings=\"{&quot;background_background&quot;:&quot;classic&quot;}\">\n\t\t\t\t\t\t<div class=\"elementor-container elementor-column-gap-default\">\n\t\t\t\t\t<div class=\"elementor-column elementor-col-100 elementor-top-column elementor-element elementor-element-ff375ef\" data-id=\"ff375ef\" data-element_type=\"column\" data-e-type=\"column\" data-settings=\"{&quot;background_background&quot;:&quot;classic&quot;}\">\n\t\t\t<div class=\"elementor-widget-wrap elementor-element-populated\">\n\t\t\t\t\t\t<div class=\"elementor-element elementor-element-ff37a2c elementor-widget elementor-widget-text-editor\" data-id=\"ff37a2c\" data-element_type=\"widget\" data-e-type=\"widget\" data-widget_type=\"text-editor.default\">\n\t\t\t\t<div class=\"elementor-widget-container\">\n\t\t\t\t\t\t\t\t\t<p>Por favor, d\u00edganos si tiene alguna pregunta, quiere dejar un comentario o desea m\u00e1s informaci\u00f3n sobre GSC<\/p>\n\t\t\t\t\t\t\t\t<\/div>\n\t\t\t\t<\/div>\n\t\t\t\t<div class=\"elementor-element elementor-element-ff37ca0 elementor-widget elementor-widget-stm_contacts_widget\" data-id=\"ff37ca0\" data-element_type=\"widget\" data-e-type=\"widget\" data-widget_type=\"stm_contacts_widget.default\">\n\t\t\t\t<div class=\"elementor-widget-container\">\n\t\t\t\t\t\n<div class=\"stm_contacts_widget consulting_elementor_contacts_widget style_4 \">\n    \n            <h4 class=\"no_stripe\">Detalles de contacto<\/h4>\n    \n    \n        <ul>\n                            <li>\n                    <div class=\"icon\"><i class=\"fa fa-map-marker\"><\/i><\/div>\n                    <div class=\"text\">Georgia, Tbilisi, Anna Politkovskaia N3\n<\/div>\n                <\/li>\n                                                                <li>\n                    <div class=\"icon\"><i class=\"fa fa-envelope\"><\/i><\/div>\n                    <div class=\"text\"><a href=\"mailto:&#105;&#110;&#102;&#111;&#64;s&#117;rro&#103;a&#99;y.gl&#111;&#98;&#97;l\">&#105;&#110;&#102;&#111;&#64;&#115;&#117;r&#114;ogac&#121;.gl&#111;&#98;&#97;&#108;<\/a><\/div>\n                <\/li>\n                                <\/ul>\n        \n    \n<\/div>\t\t\t\t<\/div>\n\t\t\t\t<\/div>\n\t\t\t\t<div class=\"elementor-element elementor-element-59d36c3 elementor-widget elementor-widget-shortcode\" data-id=\"59d36c3\" data-element_type=\"widget\" data-e-type=\"widget\" data-widget_type=\"shortcode.default\">\n\t\t\t\t<div class=\"elementor-widget-container\">\n\t\t\t\t\t\t\t<div class=\"elementor-shortcode\"><section class=\"zoom-social-icons-shortcode\">\n\t\t\n<ul class=\"zoom-social-icons-list zoom-social-icons-list--with-canvas zoom-social-icons-list--round zoom-social-icons-list--no-labels\">\n\n\t\t\n\t\t\t\t<li class=\"zoom-social_icons-list__item\">\n\t\t<a class=\"zoom-social_icons-list__link\" href=\"https:\/\/www.facebook.com\/GSconsultingsurrogacy\" target=\"_blank\" title=\"Facebook\" >\n\t\t\t\t\t\t\t\t\t\n\t\t\t\t\t\t<span class=\"screen-reader-text\">facebook<\/span>\n\t\t\t\n\t\t\t\t\t\t<span class=\"zoom-social_icons-list-span social-icon socicon socicon-facebook\" data-hover-rule=\"background-color\" data-hover-color=\"#0866FF\" style=\"background-color : #0866FF; font-size: 18px; padding:8px\" ><\/span>\n\t\t\t\n\t\t\t\t\t<\/a>\n\t<\/li>\n\n\t\n\t\t\t\t<li class=\"zoom-social_icons-list__item\">\n\t\t<a class=\"zoom-social_icons-list__link\" href=\"https:\/\/x.com\/SurrogacyGsc\" target=\"_blank\" title=\"X\" >\n\t\t\t\t\t\t\t\t\t\n\t\t\t\t\t\t<span class=\"screen-reader-text\">x<\/span>\n\t\t\t\n\t\t\t\t\t\t<span class=\"zoom-social_icons-list-span social-icon socicon socicon-x\" data-hover-rule=\"background-color\" data-hover-color=\"#000\" style=\"background-color : #000; font-size: 18px; padding:8px\" ><\/span>\n\t\t\t\n\t\t\t\t\t<\/a>\n\t<\/li>\n\n\t\n\t\t\t\t<li class=\"zoom-social_icons-list__item\">\n\t\t<a class=\"zoom-social_icons-list__link\" href=\"https:\/\/www.instagram.com\/gsconsultingsurrogacy\/\" target=\"_blank\" title=\"Instagram\" >\n\t\t\t\t\t\t\t\t\t\n\t\t\t\t\t\t<span class=\"screen-reader-text\">instagram<\/span>\n\t\t\t\n\t\t\t\t\t\t<span class=\"zoom-social_icons-list-span social-icon socicon socicon-instagram\" data-hover-rule=\"background-color\" data-hover-color=\"#e4405f\" style=\"background-color : #e4405f; font-size: 18px; padding:8px\" ><\/span>\n\t\t\t\n\t\t\t\t\t<\/a>\n\t<\/li>\n\n\t\n\t\t\t\t<li class=\"zoom-social_icons-list__item\">\n\t\t<a class=\"zoom-social_icons-list__link\" href=\"https:\/\/web.telegram.org\/k\/#@OZxAuq8s3mYwZGNi\" target=\"_blank\" title=\"Telegram\" >\n\t\t\t\t\t\t\t\t\t\n\t\t\t\t\t\t<span class=\"screen-reader-text\">telegram<\/span>\n\t\t\t\n\t\t\t\t\t\t<span class=\"zoom-social_icons-list-span social-icon socicon socicon-telegram\" data-hover-rule=\"background-color\" data-hover-color=\"#0088cc\" style=\"background-color : #0088cc; font-size: 18px; padding:8px\" ><\/span>\n\t\t\t\n\t\t\t\t\t<\/a>\n\t<\/li>\n\n\t\n\t\t\t\t<li class=\"zoom-social_icons-list__item\">\n\t\t<a class=\"zoom-social_icons-list__link\" href=\"https:\/\/www.linkedin.com\/company\/global-surrogacy-consulting-gsc\/\" target=\"_blank\" title=\"LinkedIn\" >\n\t\t\t\t\t\t\t\t\t\n\t\t\t\t\t\t<span class=\"screen-reader-text\">linkedin<\/span>\n\t\t\t\n\t\t\t\t\t\t<span class=\"zoom-social_icons-list-span social-icon socicon socicon-linkedin\" data-hover-rule=\"background-color\" data-hover-color=\"#0077B5\" style=\"background-color : #0077B5; font-size: 18px; padding:8px\" ><\/span>\n\t\t\t\n\t\t\t\t\t<\/a>\n\t<\/li>\n\n\t\n<\/ul>\n\n\t\t<\/section><\/div>\n\t\t\t\t\t\t<\/div>\n\t\t\t\t<\/div>\n\t\t\t\t\t<\/div>\n\t\t<\/div>\n\t\t\t\t<div class=\"elementor-column elementor-col-100 elementor-top-column elementor-element elementor-element-ff37d46\" data-id=\"ff37d46\" data-element_type=\"column\" data-e-type=\"column\" data-settings=\"{&quot;background_background&quot;:&quot;classic&quot;}\">\n\t\t\t<div class=\"elementor-widget-wrap elementor-element-populated\">\n\t\t\t\t\t\t<div class=\"elementor-element elementor-element-fb33e13 elementor-widget elementor-widget-text-editor\" data-id=\"fb33e13\" data-element_type=\"widget\" data-e-type=\"widget\" data-widget_type=\"text-editor.default\">\n\t\t\t\t<div class=\"elementor-widget-container\">\n\t\t\t\t\t\t\t\t\t\n            <div \n                class=\"elfsight-widget-form-builder elfsight-widget\" \n                data-elfsight-form-builder-options=\"%7B%22ei%22%3A%22%22%2C%22fields%22%3A%5B%7B%22type%22%3A%22text%22%2C%22placeholder%22%3A%22John%20Doe%22%2C%22description%22%3A%22%22%2C%22label%22%3A%22Nombre%20y%20apellido%22%2C%22required%22%3Atrue%2C%22columnWidth%22%3A50%2C%22id%22%3A%22%5Bnombre-y-apellido%5D%22%7D%2C%7B%22type%22%3A%22email%22%2C%22label%22%3A%22Correo%20electr%5Cu00f3nico%22%2C%22description%22%3A%22%22%2C%22placeholder%22%3A%22example%40domain.com%22%2C%22required%22%3Atrue%2C%22columnWidth%22%3A50%2C%22id%22%3A%22%5Bcorreo-electr%5Cu00f3nico%5D%22%7D%2C%7B%22type%22%3A%22phone%22%2C%22label%22%3A%22Tel%5Cu00e9fono%22%2C%22placeholder%22%3A%22%2B1-999-999-9999%22%2C%22description%22%3A%22%22%2C%22required%22%3Atrue%2C%22columnWidth%22%3A50%2C%22id%22%3A%22%5Btel%5Cu00e9fono%5D%22%7D%2C%7B%22type%22%3A%22text%22%2C%22label%22%3A%22Tu%20pa%5Cu00eds%22%2C%22name%22%3A%22%22%2C%22placeholder%22%3A%22Ingrese%20su%20pa%5Cu00eds%22%2C%22options%22%3A%22Option%201%5CnOption%202%22%2C%22scaleNumbersMin%22%3A1%2C%22scaleNumbersMax%22%3A10%2C%22leftCaption%22%3A%22Not%20likely%22%2C%22rightCaption%22%3A%22Very%20likely%22%2C%22fileLinkCaption%22%3A%22Choose%20file%22%2C%22fileDragCaption%22%3A%22or%20drag%20%26%20drop%20here%22%2C%22text%22%3A%22Text%22%2C%22title%22%3A%22Heading%22%2C%22caption%22%3A%22%22%2C%22value%22%3A%22%22%2C%22labelText%22%3A%22Label%22%2C%22dateTime%22%3A%22date%22%2C%22dateFormat%22%3A%22d.m.Y%22%2C%22timeFormat%22%3A%22H%3Ai%22%2C%22starsCount%22%3A5%2C%22required%22%3Atrue%2C%22description%22%3A%22%22%2C%22columnWidth%22%3A50%2C%22elementColumnWidth%22%3A100%2C%22fileAllowedAll%22%3Atrue%2C%22fileAllowed%22%3A%5B%22.jpg%22%2C%22.jpeg%22%2C%22.png%22%2C%22.gif%22%2C%22.txt%22%2C%22.pdf%22%2C%22.doc%22%2C%22.docx%22%2C%22.pages%22%2C%22.numbers%22%2C%22.xls%22%2C%22.xlsx%22%2C%22.odt%22%2C%22.ppt%22%2C%22.pptx%22%2C%22.pps%22%2C%22.ppsx%22%2C%22.html%22%5D%2C%22fileMax%22%3A25%2C%22fields%22%3A%22%22%2C%22id%22%3A%22%5Btu-pa%5Cu00eds%5D%22%7D%2C%7B%22type%22%3A%22textarea%22%2C%22label%22%3A%22Mensaje%22%2C%22description%22%3A%22%22%2C%22placeholder%22%3A%22Cu%5Cu00e9ntanos%20brevemente%20tus%20necesidades%22%2C%22required%22%3Atrue%2C%22columnWidth%22%3A100%2C%22id%22%3A%22%5Bmensaje%5D%22%7D%5D%2C%22headerActive%22%3Atrue%2C%22headerTitle%22%3A%22Comun%5Cu00edcate%20con%20nosotros%22%2C%22headerText%22%3A%22Deje%20su%20mensaje%20y%20nos%20pondremos%20en%5Cncontacto%20con%20usted%20en%20breve.%22%2C%22headerPictureUrl%22%3A%22message%22%2C%22footerText%22%3A%22%22%2C%22actionAfterSubmit%22%3A%22message%22%2C%22successMessage%22%3A%22%5Cu00a1Su%20mensaje%20fue%20enviado%20con%20%5Cu00e9xito%21%20Le%20responderemos%20en%20breve.%22%2C%22successContinueText%22%3A%22OK%22%2C%22redirectUrl%22%3A%22https%3A%5C%2F%5C%2Fexample.com%22%2C%22submitText%22%3A%22Enviar%22%2C%22stepsMessagesDivider%22%3Anull%2C%22stepsMessagesTitle%22%3Anull%2C%22stepsText%22%3A%22step%20%251%20of%20%252%22%2C%22stepBackText%22%3A%22Back%22%2C%22stepNextText%22%3A%22Next%22%2C%22errorMessageAllRequired%22%3A%22Please%2C%20fill%20all%20the%20required%20fields%22%2C%22errorMessageAllIncorrect%22%3A%22Please%2C%20fill%20all%20the%20fields%20correctly%22%2C%22errorMessageSetMailTo%22%3A%22Please%2C%20set%20the%20email%20to%20send%20messages%20to%22%2C%22errorMessageRequiredCaptcha%22%3A%22Please%2C%20enter%20the%20captcha%22%2C%22errorMessageFileSizeLimit%22%3A%22File%20size%20limit%20exceeded%22%2C%22errorMessageFileNotAllowed%22%3A%22File%20extension%20not%20allowed%22%2C%22errorMessageUnknown%22%3A%22Unknown%20error%22%2C%22errorMessageRequired%22%3A%22Required%20field%22%2C%22errorMessageInvalid%22%3A%22Invalid%22%2C%22errorMessageInvalidEmail%22%3A%22Invalid%20email%22%2C%22errorMessageInvalidPhone%22%3A%22Invalid%20phone%20number%22%2C%22errorMessageInvalidUrl%22%3A%22Invalid%20URL%22%2C%22calendarWeekdaysShorthand%22%3A%22Sun%5CnMon%5CnTue%5CnWed%5CnThu%5CnFri%5CnSat%22%2C%22calendarMonthsLonghand%22%3A%22January%5CnFebruary%5CnMarch%5CnApril%5CnMay%5CnJune%5CnJuly%5CnAugust%5CnSeptember%5CnOctober%5CnNovember%5CnDecember%22%2C%22showProgress%22%3Atrue%2C%22recaptchaType%22%3A%22invisible%22%2C%22integrationsGoogleToken%22%3A%22%22%2C%22integrationsGoogleSheetId%22%3A%22%22%2C%22layout%22%3A%22boxed%22%2C%22floatingIcon%22%3A%22message%22%2C%22floatingText%22%3A%22%22%2C%22floatingPosition%22%3A%22right%22%2C%22width%22%3A%22auto%22%2C%22style%22%3A%22classic%22%2C%22mainColor%22%3A%22rgba%2828%2C%20145%2C%20255%2C%201%29%22%2C%22apiUrl%22%3A%22https%3A%5C%2F%5C%2Fsurrogacy.global%5C%2Fes%5C%2Fwp-json%5C%2Felfsight-form-builder%5C%2Fapi%22%2C%22recaptchaKeyCheckbox%22%3A%226LfXGHgUAAAAAHNIE_EH7kEI1l4xvf_ynIlg5bfo%22%2C%22recaptchaKeyInvisible%22%3A%226Ld1CXgUAAAAAFTHmixC1Eo-NP7_3ddB1YOj9AfX%22%2C%22widgetId%22%3A%225%22%7D\" \n                data-elfsight-form-builder-version=\"1.5.1\"\n                data-elfsight-widget-id=\"elfsight-form-builder-5\">\n            <\/div>\n            \n\t\t\t\t\t\t\t\t<\/div>\n\t\t\t\t<\/div>\n\t\t\t\t\t<\/div>\n\t\t<\/div>\n\t\t\t\t\t<\/div>\n\t\t<\/section>\n\t\t\t\t<\/div>\n\t\t","protected":false},"excerpt":{"rendered":"<p>Por favor, d\u00edganos si tiene alguna pregunta, quiere dejar un comentario o desea m\u00e1s informaci\u00f3n sobre GSC Detalles de contacto Georgia, Tbilisi, Anna Politkovskaia N3 in&#102;&#111;&#64;su&#114;r&#111;&#103;&#97;&#99;y.&#103;lob&#97;l<\/p>\n","protected":false},"author":2,"featured_media":0,"parent":0,"menu_order":0,"comment_status":"closed","ping_status":"closed","template":"","meta":{"footnotes":""},"class_list":["post-8253","page","type-page","status-publish","hentry"],"yoast_head":"<!-- This site is optimized with the Yoast SEO plugin v27.3 - https:\/\/yoast.com\/product\/yoast-seo-wordpress\/ -->\n<title>Contacto - GS Consulting<\/title>\n<meta name=\"robots\" content=\"index, follow, max-snippet:-1, max-image-preview:large, max-video-preview:-1\" \/>\n<link rel=\"canonical\" href=\"https:\/\/surrogacy.global\/contact\/\" \/>\n<meta property=\"og:locale\" content=\"es_ES\" \/>\n<meta property=\"og:type\" content=\"article\" \/>\n<meta property=\"og:title\" content=\"Contacto - GS Consulting\" \/>\n<meta property=\"og:description\" content=\"Por favor, d\u00edganos si tiene alguna pregunta, quiere dejar un comentario o desea m\u00e1s informaci\u00f3n sobre GSC Detalles de contacto Georgia, Tbilisi, Anna Politkovskaia N3 in&#102;&#111;&#064;su&#114;r&#111;&#103;&#097;&#099;y.&#103;lob&#097;l\" \/>\n<meta property=\"og:url\" content=\"https:\/\/surrogacy.global\/contact\/\" \/>\n<meta property=\"og:site_name\" content=\"GS Consulting\" \/>\n<meta property=\"article:publisher\" content=\"https:\/\/www.facebook.com\/GSconsultingsurrogacy\" \/>\n<meta property=\"article:modified_time\" content=\"2024-11-25T16:56:49+00:00\" \/>\n<meta name=\"twitter:card\" content=\"summary_large_image\" \/>\n<meta name=\"twitter:label1\" content=\"Tiempo de lectura\" \/>\n\t<meta name=\"twitter:data1\" content=\"1 minuto\" \/>\n<script type=\"application\/ld+json\" class=\"yoast-schema-graph\">{\"@context\":\"https:\\\/\\\/schema.org\",\"@graph\":[{\"@type\":\"WebPage\",\"@id\":\"https:\\\/\\\/surrogacy.global\\\/contact\\\/\",\"url\":\"https:\\\/\\\/surrogacy.global\\\/contact\\\/\",\"name\":\"Contacto - GS Consulting\",\"isPartOf\":{\"@id\":\"https:\\\/\\\/surrogacy.global\\\/#website\"},\"datePublished\":\"2017-02-08T05:48:39+00:00\",\"dateModified\":\"2024-11-25T16:56:49+00:00\",\"breadcrumb\":{\"@id\":\"https:\\\/\\\/surrogacy.global\\\/contact\\\/#breadcrumb\"},\"inLanguage\":\"es\",\"potentialAction\":[{\"@type\":\"ReadAction\",\"target\":[\"https:\\\/\\\/surrogacy.global\\\/contact\\\/\"]}]},{\"@type\":\"BreadcrumbList\",\"@id\":\"https:\\\/\\\/surrogacy.global\\\/contact\\\/#breadcrumb\",\"itemListElement\":[{\"@type\":\"ListItem\",\"position\":1,\"name\":\"Home\",\"item\":\"https:\\\/\\\/surrogacy.global\\\/\"},{\"@type\":\"ListItem\",\"position\":2,\"name\":\"Contacto\"}]},{\"@type\":\"WebSite\",\"@id\":\"https:\\\/\\\/surrogacy.global\\\/#website\",\"url\":\"https:\\\/\\\/surrogacy.global\\\/\",\"name\":\"GS Consulting\",\"description\":\"\",\"publisher\":{\"@id\":\"https:\\\/\\\/surrogacy.global\\\/#organization\"},\"potentialAction\":[{\"@type\":\"SearchAction\",\"target\":{\"@type\":\"EntryPoint\",\"urlTemplate\":\"https:\\\/\\\/surrogacy.global\\\/?s={search_term_string}\"},\"query-input\":{\"@type\":\"PropertyValueSpecification\",\"valueRequired\":true,\"valueName\":\"search_term_string\"}}],\"inLanguage\":\"es\"},{\"@type\":\"Organization\",\"@id\":\"https:\\\/\\\/surrogacy.global\\\/#organization\",\"name\":\"GS Consulting\",\"url\":\"https:\\\/\\\/surrogacy.global\\\/\",\"logo\":{\"@type\":\"ImageObject\",\"inLanguage\":\"es\",\"@id\":\"https:\\\/\\\/surrogacy.global\\\/#\\\/schema\\\/logo\\\/image\\\/\",\"url\":\"https:\\\/\\\/surrogacy.global\\\/wp-content\\\/uploads\\\/2024\\\/02\\\/GS-Consulting.png\",\"contentUrl\":\"https:\\\/\\\/surrogacy.global\\\/wp-content\\\/uploads\\\/2024\\\/02\\\/GS-Consulting.png\",\"width\":1000,\"height\":800,\"caption\":\"GS Consulting\"},\"image\":{\"@id\":\"https:\\\/\\\/surrogacy.global\\\/#\\\/schema\\\/logo\\\/image\\\/\"},\"sameAs\":[\"https:\\\/\\\/www.facebook.com\\\/GSconsultingsurrogacy\"]}]}<\/script>\n<!-- \/ Yoast SEO plugin. -->","yoast_head_json":{"title":"Contacto - GS Consulting","robots":{"index":"index","follow":"follow","max-snippet":"max-snippet:-1","max-image-preview":"max-image-preview:large","max-video-preview":"max-video-preview:-1"},"canonical":"https:\/\/surrogacy.global\/contact\/","og_locale":"es_ES","og_type":"article","og_title":"Contacto - GS Consulting","og_description":"Por favor, d\u00edganos si tiene alguna pregunta, quiere dejar un comentario o desea m\u00e1s informaci\u00f3n sobre GSC Detalles de contacto Georgia, Tbilisi, Anna Politkovskaia N3 in&#102;&#111;&#64;su&#114;r&#111;&#103;&#97;&#99;y.&#103;lob&#97;l","og_url":"https:\/\/surrogacy.global\/contact\/","og_site_name":"GS Consulting","article_publisher":"https:\/\/www.facebook.com\/GSconsultingsurrogacy","article_modified_time":"2024-11-25T16:56:49+00:00","twitter_card":"summary_large_image","twitter_misc":{"Tiempo de lectura":"1 minuto"},"schema":{"@context":"https:\/\/schema.org","@graph":[{"@type":"WebPage","@id":"https:\/\/surrogacy.global\/contact\/","url":"https:\/\/surrogacy.global\/contact\/","name":"Contacto - GS Consulting","isPartOf":{"@id":"https:\/\/surrogacy.global\/#website"},"datePublished":"2017-02-08T05:48:39+00:00","dateModified":"2024-11-25T16:56:49+00:00","breadcrumb":{"@id":"https:\/\/surrogacy.global\/contact\/#breadcrumb"},"inLanguage":"es","potentialAction":[{"@type":"ReadAction","target":["https:\/\/surrogacy.global\/contact\/"]}]},{"@type":"BreadcrumbList","@id":"https:\/\/surrogacy.global\/contact\/#breadcrumb","itemListElement":[{"@type":"ListItem","position":1,"name":"Home","item":"https:\/\/surrogacy.global\/"},{"@type":"ListItem","position":2,"name":"Contacto"}]},{"@type":"WebSite","@id":"https:\/\/surrogacy.global\/#website","url":"https:\/\/surrogacy.global\/","name":"GS Consulting","description":"","publisher":{"@id":"https:\/\/surrogacy.global\/#organization"},"potentialAction":[{"@type":"SearchAction","target":{"@type":"EntryPoint","urlTemplate":"https:\/\/surrogacy.global\/?s={search_term_string}"},"query-input":{"@type":"PropertyValueSpecification","valueRequired":true,"valueName":"search_term_string"}}],"inLanguage":"es"},{"@type":"Organization","@id":"https:\/\/surrogacy.global\/#organization","name":"GS Consulting","url":"https:\/\/surrogacy.global\/","logo":{"@type":"ImageObject","inLanguage":"es","@id":"https:\/\/surrogacy.global\/#\/schema\/logo\/image\/","url":"https:\/\/surrogacy.global\/wp-content\/uploads\/2024\/02\/GS-Consulting.png","contentUrl":"https:\/\/surrogacy.global\/wp-content\/uploads\/2024\/02\/GS-Consulting.png","width":1000,"height":800,"caption":"GS Consulting"},"image":{"@id":"https:\/\/surrogacy.global\/#\/schema\/logo\/image\/"},"sameAs":["https:\/\/www.facebook.com\/GSconsultingsurrogacy"]}]}},"_links":{"self":[{"href":"https:\/\/surrogacy.global\/es\/wp-json\/wp\/v2\/pages\/8253","targetHints":{"allow":["GET"]}}],"collection":[{"href":"https:\/\/surrogacy.global\/es\/wp-json\/wp\/v2\/pages"}],"about":[{"href":"https:\/\/surrogacy.global\/es\/wp-json\/wp\/v2\/types\/page"}],"author":[{"embeddable":true,"href":"https:\/\/surrogacy.global\/es\/wp-json\/wp\/v2\/users\/2"}],"replies":[{"embeddable":true,"href":"https:\/\/surrogacy.global\/es\/wp-json\/wp\/v2\/comments?post=8253"}],"version-history":[{"count":0,"href":"https:\/\/surrogacy.global\/es\/wp-json\/wp\/v2\/pages\/8253\/revisions"}],"wp:attachment":[{"href":"https:\/\/surrogacy.global\/es\/wp-json\/wp\/v2\/media?parent=8253"}],"curies":[{"name":"wp","href":"https:\/\/api.w.org\/{rel}","templated":true}]}}