{"id":8317,"date":"2022-06-06T14:14:51","date_gmt":"2022-06-06T10:14:51","guid":{"rendered":"https:\/\/surrogacy.global\/?page_id=8317"},"modified":"2022-06-24T14:37:42","modified_gmt":"2022-06-24T10:37:42","slug":"egg-donation-surrogacy","status":"publish","type":"page","link":"https:\/\/surrogacy.global\/es\/egg-donation-surrogacy\/","title":{"rendered":"Subrogaci\u00f3n por donaci\u00f3n de \u00f3vulos"},"content":{"rendered":"<p><img fetchpriority=\"high\" decoding=\"async\" class=\"wp-image-8180 alignright\" src=\"https:\/\/surrogacy.global\/wp-content\/uploads\/2022\/06\/baby-2-1024x683.jpg\" alt=\"\" width=\"500\" height=\"333\" srcset=\"https:\/\/surrogacy.global\/wp-content\/uploads\/2022\/06\/baby-2-1024x683.jpg 1024w, https:\/\/surrogacy.global\/wp-content\/uploads\/2022\/06\/baby-2-300x200.jpg 300w, https:\/\/surrogacy.global\/wp-content\/uploads\/2022\/06\/baby-2-768x512.jpg 768w, https:\/\/surrogacy.global\/wp-content\/uploads\/2022\/06\/baby-2-1536x1024.jpg 1536w, https:\/\/surrogacy.global\/wp-content\/uploads\/2022\/06\/baby-2-2048x1365.jpg 2048w, https:\/\/surrogacy.global\/wp-content\/uploads\/2022\/06\/baby-2-900x600.jpg 900w, https:\/\/surrogacy.global\/wp-content\/uploads\/2022\/06\/baby-2-scaled.jpg 1920w\" sizes=\"(max-width: 500px) 100vw, 500px\" \/>Estamos encantados de ofrecer nuestro paquete de subrogaci\u00f3n por donaci\u00f3n de \u00f3vulos. A trav\u00e9s de este programa, recibir\u00e1 todos los servicios necesarios para crear embriones utilizando hermosas donantes.\u00a0 Juntos planificaremos todos los pasos, ajustaremos el flujo del proceso y nos aseguraremos de que el plan sugerido es adecuado para ti.<\/p>\n<p><strong>Servicios incluidos: <\/strong><\/p>\n<ul>\n<li>Todas las consultas para los futuros padres, donantes de \u00f3vulos y madres subrogadas.<\/li>\n<li>Todos los ex\u00e1menes, pruebas de laboratorio y ecograf\u00edas para los futuros padres, donantes de \u00f3vulos y subrogantes.<\/li>\n<li>An\u00e1lisis de esperma<\/li>\n<li>Congelaci\u00f3n de esperma<\/li>\n<li>Medicamentos para la donante de \u00f3vulos y la madre de alquiler<\/li>\n<li>Procedimiento de extracci\u00f3n de \u00f3vulos<\/li>\n<li>Una FIV con una donante de \u00f3vulos<\/li>\n<li>Hasta 3 intentos de transferencia de embriones<\/li>\n<li>Congelaci\u00f3n de embriones<\/li>\n<li>Almacenamiento de embriones durante un a\u00f1o<\/li>\n<li>Compensaci\u00f3n a la donante de \u00f3vulos y a la subrogante<\/li>\n<li>9 meses de seguimiento del embarazo<\/li>\n<li>Seguro<\/li>\n<li>Parto<\/li>\n<li>Alojamiento para los padres<\/li>\n<li>Equipamiento de beb\u00e9 incluido en el paquete<\/li>\n<li>Apoyo para obtener el certificado de nacimiento (en todos los destinos, ya que para el pasaporte y la ciudadan\u00eda depende del pa\u00eds donde se aplique el programa)<\/li>\n<\/ul>\n<p>&nbsp;<\/p>\n","protected":false},"excerpt":{"rendered":"<p>Estamos encantados de ofrecer nuestro paquete de subrogaci\u00f3n por donaci\u00f3n de \u00f3vulos. A trav\u00e9s de este programa, recibir\u00e1 todos los servicios necesarios para crear embriones utilizando hermosas donantes.\u00a0 Juntos planificaremos todos los pasos, ajustaremos el flujo del proceso y nos aseguraremos de que el plan sugerido es adecuado para ti. Servicios incluidos: Todas las consultas<\/p>\n","protected":false},"author":2,"featured_media":0,"parent":0,"menu_order":0,"comment_status":"closed","ping_status":"closed","template":"","meta":{"footnotes":""},"class_list":["post-8317","page","type-page","status-publish","hentry"],"yoast_head":"<!-- This site is optimized with the Yoast SEO plugin v27.3 - https:\/\/yoast.com\/product\/yoast-seo-wordpress\/ -->\n<title>Subrogaci\u00f3n por donaci\u00f3n de \u00f3vulos - GS Consulting<\/title>\n<meta name=\"robots\" content=\"index, follow, max-snippet:-1, max-image-preview:large, max-video-preview:-1\" \/>\n<link rel=\"canonical\" href=\"https:\/\/surrogacy.global\/es\/egg-donation-surrogacy\/\" \/>\n<meta property=\"og:locale\" content=\"es_ES\" \/>\n<meta property=\"og:type\" content=\"article\" \/>\n<meta property=\"og:title\" content=\"Subrogaci\u00f3n por donaci\u00f3n de \u00f3vulos - GS Consulting\" \/>\n<meta property=\"og:description\" content=\"Estamos encantados de ofrecer nuestro paquete de subrogaci\u00f3n por donaci\u00f3n de \u00f3vulos. A trav\u00e9s de este programa, recibir\u00e1 todos los servicios necesarios para crear embriones utilizando hermosas donantes.\u00a0 Juntos planificaremos todos los pasos, ajustaremos el flujo del proceso y nos aseguraremos de que el plan sugerido es adecuado para ti. Servicios incluidos: Todas las consultas\" \/>\n<meta property=\"og:url\" content=\"https:\/\/surrogacy.global\/es\/egg-donation-surrogacy\/\" \/>\n<meta property=\"og:site_name\" content=\"GS Consulting\" \/>\n<meta property=\"article:publisher\" content=\"https:\/\/www.facebook.com\/GSconsultingsurrogacy\" \/>\n<meta property=\"article:modified_time\" content=\"2022-06-24T10:37:42+00:00\" \/>\n<meta property=\"og:image\" content=\"https:\/\/surrogacy.global\/wp-content\/uploads\/2022\/06\/baby-2-1024x683.jpg\" \/>\n<meta name=\"twitter:card\" content=\"summary_large_image\" \/>\n<meta name=\"twitter:label1\" content=\"Tiempo de lectura\" \/>\n\t<meta name=\"twitter:data1\" content=\"1 minuto\" \/>\n<script type=\"application\/ld+json\" class=\"yoast-schema-graph\">{\"@context\":\"https:\\\/\\\/schema.org\",\"@graph\":[{\"@type\":\"WebPage\",\"@id\":\"https:\\\/\\\/surrogacy.global\\\/es\\\/egg-donation-surrogacy\\\/\",\"url\":\"https:\\\/\\\/surrogacy.global\\\/es\\\/egg-donation-surrogacy\\\/\",\"name\":\"Subrogaci\u00f3n por donaci\u00f3n de \u00f3vulos - GS Consulting\",\"isPartOf\":{\"@id\":\"https:\\\/\\\/surrogacy.global\\\/#website\"},\"primaryImageOfPage\":{\"@id\":\"https:\\\/\\\/surrogacy.global\\\/es\\\/egg-donation-surrogacy\\\/#primaryimage\"},\"image\":{\"@id\":\"https:\\\/\\\/surrogacy.global\\\/es\\\/egg-donation-surrogacy\\\/#primaryimage\"},\"thumbnailUrl\":\"https:\\\/\\\/surrogacy.global\\\/wp-content\\\/uploads\\\/2022\\\/06\\\/baby-2-1024x683.jpg\",\"datePublished\":\"2022-06-06T10:14:51+00:00\",\"dateModified\":\"2022-06-24T10:37:42+00:00\",\"breadcrumb\":{\"@id\":\"https:\\\/\\\/surrogacy.global\\\/es\\\/egg-donation-surrogacy\\\/#breadcrumb\"},\"inLanguage\":\"es\",\"potentialAction\":[{\"@type\":\"ReadAction\",\"target\":[\"https:\\\/\\\/surrogacy.global\\\/es\\\/egg-donation-surrogacy\\\/\"]}]},{\"@type\":\"ImageObject\",\"inLanguage\":\"es\",\"@id\":\"https:\\\/\\\/surrogacy.global\\\/es\\\/egg-donation-surrogacy\\\/#primaryimage\",\"url\":\"https:\\\/\\\/surrogacy.global\\\/wp-content\\\/uploads\\\/2022\\\/06\\\/baby-2-1024x683.jpg\",\"contentUrl\":\"https:\\\/\\\/surrogacy.global\\\/wp-content\\\/uploads\\\/2022\\\/06\\\/baby-2-1024x683.jpg\"},{\"@type\":\"BreadcrumbList\",\"@id\":\"https:\\\/\\\/surrogacy.global\\\/es\\\/egg-donation-surrogacy\\\/#breadcrumb\",\"itemListElement\":[{\"@type\":\"ListItem\",\"position\":1,\"name\":\"Home\",\"item\":\"https:\\\/\\\/surrogacy.global\\\/\"},{\"@type\":\"ListItem\",\"position\":2,\"name\":\"Subrogaci\u00f3n por donaci\u00f3n de \u00f3vulos\"}]},{\"@type\":\"WebSite\",\"@id\":\"https:\\\/\\\/surrogacy.global\\\/#website\",\"url\":\"https:\\\/\\\/surrogacy.global\\\/\",\"name\":\"GS Consulting\",\"description\":\"\",\"publisher\":{\"@id\":\"https:\\\/\\\/surrogacy.global\\\/#organization\"},\"potentialAction\":[{\"@type\":\"SearchAction\",\"target\":{\"@type\":\"EntryPoint\",\"urlTemplate\":\"https:\\\/\\\/surrogacy.global\\\/?s={search_term_string}\"},\"query-input\":{\"@type\":\"PropertyValueSpecification\",\"valueRequired\":true,\"valueName\":\"search_term_string\"}}],\"inLanguage\":\"es\"},{\"@type\":\"Organization\",\"@id\":\"https:\\\/\\\/surrogacy.global\\\/#organization\",\"name\":\"GS Consulting\",\"url\":\"https:\\\/\\\/surrogacy.global\\\/\",\"logo\":{\"@type\":\"ImageObject\",\"inLanguage\":\"es\",\"@id\":\"https:\\\/\\\/surrogacy.global\\\/#\\\/schema\\\/logo\\\/image\\\/\",\"url\":\"https:\\\/\\\/surrogacy.global\\\/wp-content\\\/uploads\\\/2024\\\/02\\\/GS-Consulting.png\",\"contentUrl\":\"https:\\\/\\\/surrogacy.global\\\/wp-content\\\/uploads\\\/2024\\\/02\\\/GS-Consulting.png\",\"width\":1000,\"height\":800,\"caption\":\"GS Consulting\"},\"image\":{\"@id\":\"https:\\\/\\\/surrogacy.global\\\/#\\\/schema\\\/logo\\\/image\\\/\"},\"sameAs\":[\"https:\\\/\\\/www.facebook.com\\\/GSconsultingsurrogacy\"]}]}<\/script>\n<!-- \/ Yoast SEO plugin. -->","yoast_head_json":{"title":"Subrogaci\u00f3n por donaci\u00f3n de \u00f3vulos - GS Consulting","robots":{"index":"index","follow":"follow","max-snippet":"max-snippet:-1","max-image-preview":"max-image-preview:large","max-video-preview":"max-video-preview:-1"},"canonical":"https:\/\/surrogacy.global\/es\/egg-donation-surrogacy\/","og_locale":"es_ES","og_type":"article","og_title":"Subrogaci\u00f3n por donaci\u00f3n de \u00f3vulos - GS Consulting","og_description":"Estamos encantados de ofrecer nuestro paquete de subrogaci\u00f3n por donaci\u00f3n de \u00f3vulos. A trav\u00e9s de este programa, recibir\u00e1 todos los servicios necesarios para crear embriones utilizando hermosas donantes.\u00a0 Juntos planificaremos todos los pasos, ajustaremos el flujo del proceso y nos aseguraremos de que el plan sugerido es adecuado para ti. Servicios incluidos: Todas las consultas","og_url":"https:\/\/surrogacy.global\/es\/egg-donation-surrogacy\/","og_site_name":"GS Consulting","article_publisher":"https:\/\/www.facebook.com\/GSconsultingsurrogacy","article_modified_time":"2022-06-24T10:37:42+00:00","og_image":[{"url":"https:\/\/surrogacy.global\/wp-content\/uploads\/2022\/06\/baby-2-1024x683.jpg","type":"","width":"","height":""}],"twitter_card":"summary_large_image","twitter_misc":{"Tiempo de lectura":"1 minuto"},"schema":{"@context":"https:\/\/schema.org","@graph":[{"@type":"WebPage","@id":"https:\/\/surrogacy.global\/es\/egg-donation-surrogacy\/","url":"https:\/\/surrogacy.global\/es\/egg-donation-surrogacy\/","name":"Subrogaci\u00f3n por donaci\u00f3n de \u00f3vulos - GS Consulting","isPartOf":{"@id":"https:\/\/surrogacy.global\/#website"},"primaryImageOfPage":{"@id":"https:\/\/surrogacy.global\/es\/egg-donation-surrogacy\/#primaryimage"},"image":{"@id":"https:\/\/surrogacy.global\/es\/egg-donation-surrogacy\/#primaryimage"},"thumbnailUrl":"https:\/\/surrogacy.global\/wp-content\/uploads\/2022\/06\/baby-2-1024x683.jpg","datePublished":"2022-06-06T10:14:51+00:00","dateModified":"2022-06-24T10:37:42+00:00","breadcrumb":{"@id":"https:\/\/surrogacy.global\/es\/egg-donation-surrogacy\/#breadcrumb"},"inLanguage":"es","potentialAction":[{"@type":"ReadAction","target":["https:\/\/surrogacy.global\/es\/egg-donation-surrogacy\/"]}]},{"@type":"ImageObject","inLanguage":"es","@id":"https:\/\/surrogacy.global\/es\/egg-donation-surrogacy\/#primaryimage","url":"https:\/\/surrogacy.global\/wp-content\/uploads\/2022\/06\/baby-2-1024x683.jpg","contentUrl":"https:\/\/surrogacy.global\/wp-content\/uploads\/2022\/06\/baby-2-1024x683.jpg"},{"@type":"BreadcrumbList","@id":"https:\/\/surrogacy.global\/es\/egg-donation-surrogacy\/#breadcrumb","itemListElement":[{"@type":"ListItem","position":1,"name":"Home","item":"https:\/\/surrogacy.global\/"},{"@type":"ListItem","position":2,"name":"Subrogaci\u00f3n por donaci\u00f3n de \u00f3vulos"}]},{"@type":"WebSite","@id":"https:\/\/surrogacy.global\/#website","url":"https:\/\/surrogacy.global\/","name":"GS Consulting","description":"","publisher":{"@id":"https:\/\/surrogacy.global\/#organization"},"potentialAction":[{"@type":"SearchAction","target":{"@type":"EntryPoint","urlTemplate":"https:\/\/surrogacy.global\/?s={search_term_string}"},"query-input":{"@type":"PropertyValueSpecification","valueRequired":true,"valueName":"search_term_string"}}],"inLanguage":"es"},{"@type":"Organization","@id":"https:\/\/surrogacy.global\/#organization","name":"GS Consulting","url":"https:\/\/surrogacy.global\/","logo":{"@type":"ImageObject","inLanguage":"es","@id":"https:\/\/surrogacy.global\/#\/schema\/logo\/image\/","url":"https:\/\/surrogacy.global\/wp-content\/uploads\/2024\/02\/GS-Consulting.png","contentUrl":"https:\/\/surrogacy.global\/wp-content\/uploads\/2024\/02\/GS-Consulting.png","width":1000,"height":800,"caption":"GS Consulting"},"image":{"@id":"https:\/\/surrogacy.global\/#\/schema\/logo\/image\/"},"sameAs":["https:\/\/www.facebook.com\/GSconsultingsurrogacy"]}]}},"_links":{"self":[{"href":"https:\/\/surrogacy.global\/es\/wp-json\/wp\/v2\/pages\/8317","targetHints":{"allow":["GET"]}}],"collection":[{"href":"https:\/\/surrogacy.global\/es\/wp-json\/wp\/v2\/pages"}],"about":[{"href":"https:\/\/surrogacy.global\/es\/wp-json\/wp\/v2\/types\/page"}],"author":[{"embeddable":true,"href":"https:\/\/surrogacy.global\/es\/wp-json\/wp\/v2\/users\/2"}],"replies":[{"embeddable":true,"href":"https:\/\/surrogacy.global\/es\/wp-json\/wp\/v2\/comments?post=8317"}],"version-history":[{"count":0,"href":"https:\/\/surrogacy.global\/es\/wp-json\/wp\/v2\/pages\/8317\/revisions"}],"wp:attachment":[{"href":"https:\/\/surrogacy.global\/es\/wp-json\/wp\/v2\/media?parent=8317"}],"curies":[{"name":"wp","href":"https:\/\/api.w.org\/{rel}","templated":true}]}}